{"id":6084,"date":"2022-12-16T11:15:19","date_gmt":"2022-12-16T10:15:19","guid":{"rendered":"https:\/\/www.simonetticompany.com\/sustainability\/"},"modified":"2023-07-07T17:44:27","modified_gmt":"2023-07-07T15:44:27","slug":"sostenibilidad","status":"publish","type":"page","link":"https:\/\/www.simonetticompany.com\/es\/sostenibilidad\/","title":{"rendered":"Sostenibilidad"},"content":{"rendered":"\n<div class=\"wp-block-group is-style-container\">\n<div style=\"height:24px\" aria-hidden=\"true\" class=\"wp-block-spacer\"><\/div>\n\n\n\n<h1 class=\"wp-block-heading is-style-bigtitle has-palette-4-color has-text-color\">Sostenibilidad<\/h1>\n\n\n\n<div style=\"height:30px\" aria-hidden=\"true\" class=\"wp-block-spacer\"><\/div>\n\n\n\n<p class=\"has-large-font-size\"><em><strong><mark style=\"background-color:rgba(0, 0, 0, 0)\" class=\"has-inline-color has-palette-4-color\">Desde el principio hemos cre\u00eddo firmemente en el valor de la sostenibilidad.<\/mark><\/strong><\/em><\/p>\n\n\n\n<div style=\"height:12px\" aria-hidden=\"true\" class=\"wp-block-spacer\"><\/div>\n\n\n\n<p>Si hemos dedicado nuestra actividad al mundo de la horticultura es sobre todo gracias a la concienciaci\u00f3n sobre la <strong><mark style=\"background-color:rgba(0, 0, 0, 0)\" class=\"has-inline-color has-palette-4-color\">importancia de los invernaderos como respuesta responsable al crecimiento de la demanda mundial derivado del aumento de la poblaci\u00f3n<\/mark><\/strong>. Cultivar en vertical, utilizando insectos \u00fatiles, recuperando el agua de lluvia y utilizando fuentes de energ\u00eda renovables, sin explotar ni rotar el suelo, significa en realidad obtener m\u00e1s hortalizas o m\u00e1s frutas con un <strong><mark style=\"background-color:rgba(0, 0, 0, 0)\" class=\"has-inline-color has-palette-4-color\">menor impacto en el medio ambiente<\/mark><\/strong>, gracias a la combinaci\u00f3n perfecta de tecnolog\u00eda y sabidur\u00eda hort\u00edcola.<\/p>\n\n\n\n<p>Estamos orgullosos de formar parte de este sector y queremos trabajar en la misma direcci\u00f3n que t\u00fa. <strong><mark style=\"background-color:rgba(0, 0, 0, 0)\" class=\"has-inline-color has-palette-4-color\">Despu\u00e9s de todo, no puede haber atenci\u00f3n a la productividad de los cultivos sin una mirada responsable al presente y al futuro<\/mark><\/strong>.<\/p>\n\n\n\n<div style=\"height:22px\" aria-hidden=\"true\" class=\"wp-block-spacer\"><\/div>\n<\/div>\n\n\n\n<div class=\"wp-block-cover alignfull\" style=\"min-height:500px;aspect-ratio:unset;\"><span aria-hidden=\"true\" class=\"wp-block-cover__background has-background-dim-0 has-background-dim\"><\/span><img loading=\"lazy\" decoding=\"async\" width=\"1920\" height=\"500\" class=\"wp-block-cover__image-background wp-image-724\" alt=\"\" src=\"https:\/\/www.simonetticompany.com\/wp-content\/uploads\/2022\/12\/greenhouse-slide-home-1-1920x500.jpg\" style=\"object-position:38% 35%\" data-object-fit=\"cover\" data-object-position=\"38% 35%\"\/><div class=\"wp-block-cover__inner-container\">\n<p class=\"has-text-align-center has-large-font-size\"><\/p>\n<\/div><\/div>\n\n\n\n<div style=\"height:50px\" aria-hidden=\"true\" class=\"wp-block-spacer\"><\/div>\n\n\n\n<div class=\"wp-block-group is-style-container\">\n<p class=\"is-style-pbigtitle has-palette-4-color has-text-color\">Sostenibilidad para nosotros significa\u2026 \u00a1cuidar la productividad con responsabilidad!<\/p>\n\n\n\n<div style=\"height:77px\" aria-hidden=\"true\" class=\"wp-block-spacer\"><\/div>\n\n\n\n<div class=\"wp-block-columns\">\n<div class=\"wp-block-column\">\n<p class=\"has-palette-3-color has-text-color has-extra-large-font-size\">Producimos ahorrando energ\u00eda<\/p>\n\n\n\n<div style=\"height:22px\" aria-hidden=\"true\" class=\"wp-block-spacer\"><\/div>\n\n\n\n<p>Cuando nos centramos por primera vez en la sostenibilidad como empresa, desde sus inicios, est\u00e1 relacionada con la eficiencia energ\u00e9tica y el uso inteligente de los recursos.<\/p>\n\n\n\n<p>De hecho, desde 1958 hemos estado constantemente investigando e implementando las soluciones tecnol\u00f3gicas m\u00e1s avanzadas para garantizar que todo el proceso productivo, se lleve a cabo de la manera m\u00e1s eficiente posible desde el punto de vista energ\u00e9tico.<\/p>\n\n\n\n<p>En los \u00faltimos a\u00f1os, tras la decisi\u00f3n de invertir en la nueva sede de la empresa, nos hemos centrado en la construcci\u00f3n de un edificio totalmente aislado, dise\u00f1ado para aprovechar al m\u00e1ximo el calor que emite la maquinaria durante el moldeado del pl\u00e1stico y reducir la necesidad de calefacci\u00f3n en el trabajo.<\/p>\n\n\n\n<p>Este enfoque permite una <strong><mark style=\"background-color:rgba(0, 0, 0, 0)\" class=\"has-inline-color has-palette-4-color\">gesti\u00f3n energ\u00e9tica responsable<\/mark><\/strong> y una <strong><mark style=\"background-color:rgba(0, 0, 0, 0)\" class=\"has-inline-color has-palette-4-color\">reducci\u00f3n real de la huella de carbono<\/mark><\/strong>.<\/p>\n<\/div>\n\n\n\n<div class=\"wp-block-column is-vertically-aligned-center\">\n<figure class=\"wp-block-image aligncenter size-product_preview_crop_small\"><img loading=\"lazy\" decoding=\"async\" width=\"600\" height=\"600\" src=\"https:\/\/www.simonetticompany.com\/wp-content\/uploads\/2022\/12\/Simonetti-171-600x600.jpg\" alt=\"\" class=\"wp-image-767\" srcset=\"https:\/\/www.simonetticompany.com\/wp-content\/uploads\/2022\/12\/Simonetti-171-600x600.jpg 600w, https:\/\/www.simonetticompany.com\/wp-content\/uploads\/2022\/12\/Simonetti-171-150x150.jpg 150w, https:\/\/www.simonetticompany.com\/wp-content\/uploads\/2022\/12\/Simonetti-171-900x900.jpg 900w\" sizes=\"auto, (max-width: 600px) 100vw, 600px\" \/><\/figure>\n<\/div>\n<\/div>\n\n\n\n<div style=\"height:50px\" aria-hidden=\"true\" class=\"wp-block-spacer\"><\/div>\n\n\n\n<div class=\"wp-block-columns ColumnOrderOnMobile\">\n<div class=\"wp-block-column is-vertically-aligned-center\">\n<figure class=\"wp-block-image aligncenter size-product_preview_crop_small\"><img loading=\"lazy\" decoding=\"async\" width=\"600\" height=\"600\" src=\"https:\/\/www.simonetticompany.com\/wp-content\/uploads\/2023\/03\/Simonetti-71-600x600.jpg\" alt=\"\" class=\"wp-image-1621\" srcset=\"https:\/\/www.simonetticompany.com\/wp-content\/uploads\/2023\/03\/Simonetti-71-600x600.jpg 600w, https:\/\/www.simonetticompany.com\/wp-content\/uploads\/2023\/03\/Simonetti-71-150x150.jpg 150w, https:\/\/www.simonetticompany.com\/wp-content\/uploads\/2023\/03\/Simonetti-71-768x768.jpg 768w, https:\/\/www.simonetticompany.com\/wp-content\/uploads\/2023\/03\/Simonetti-71-1536x1536.jpg 1536w, https:\/\/www.simonetticompany.com\/wp-content\/uploads\/2023\/03\/Simonetti-71-900x900.jpg 900w, https:\/\/www.simonetticompany.com\/wp-content\/uploads\/2023\/03\/Simonetti-71.jpg 1600w\" sizes=\"auto, (max-width: 600px) 100vw, 600px\" \/><\/figure>\n<\/div>\n\n\n\n<div class=\"wp-block-column\">\n<p class=\"has-palette-3-color has-text-color has-extra-large-font-size\">Apoyamos la econom\u00eda circular<\/p>\n\n\n\n<div style=\"height:22px\" aria-hidden=\"true\" class=\"wp-block-spacer\"><\/div>\n\n\n\n<p>Siempre hemos cre\u00eddo en la <strong><mark style=\"background-color:rgba(0, 0, 0, 0)\" class=\"has-inline-color has-palette-4-color\">econom\u00eda circular del pl\u00e1stico<\/mark><\/strong>, en la que cada recurso se utiliza durante el mayor tiempo posible, extrayendo el m\u00e1ximo valor de su uso, para luego ser recuperado y regenerado al final de cada ciclo de vida. Para nosotros, esto significa que:<\/p>\n\n\n\n<ul class=\"wp-block-list\">\n<li><strong><mark style=\"background-color:rgba(0, 0, 0, 0)\" class=\"has-inline-color has-palette-4-color\">muchos de nuestros art\u00edculos<\/mark><\/strong> se fabrican a partir de <strong><mark style=\"background-color:rgba(0, 0, 0, 0)\" class=\"has-inline-color has-palette-4-color\">pol\u00edmeros obtenidos de pl\u00e1sticos post-consumo o residuos industriales<\/mark><\/strong>, sin por ello renunciar a la calidad del producto final. De hecho, en nuestra empresa, un art\u00edculo moldeado con materia prima regenerada es en todo caso sin\u00f3nimo de altos est\u00e1ndares de calidad, similares a los que se obtienen a partir de una materia prima virgen. Esto se deriva de una <strong><mark style=\"background-color:rgba(0, 0, 0, 0)\" class=\"has-inline-color has-palette-4-color\">cuidadosa selecci\u00f3n de proveedores<\/mark><\/strong> y de una b\u00fasqueda continua del mejor material <strong><mark style=\"background-color:rgba(0, 0, 0, 0)\" class=\"has-inline-color has-palette-4-color\">para preservar las caracter\u00edsticas rentables necesarias de los soportes<\/mark><\/strong>;<\/li>\n\n\n\n<li><strong><mark style=\"background-color:rgba(0, 0, 0, 0)\" class=\"has-inline-color has-palette-4-color\">nuestros residuos de producci\u00f3n se reciclan inmediatamente <\/mark><\/strong>y luego se reintroducen en el proceso de producci\u00f3n;<\/li>\n\n\n\n<li><strong><mark style=\"background-color:rgba(0, 0, 0, 0)\" class=\"has-inline-color has-palette-4-color\">el 95% de nuestros productos se pueden reciclar<\/mark><\/strong>.<mark style=\"background-color: rgba(0, 0, 0, 0);\" class=\"has-inline-color has-palette-4-color\"><b> <\/b><\/mark><\/li>\n<\/ul>\n<\/div>\n<\/div>\n\n\n\n<div style=\"height:50px\" aria-hidden=\"true\" class=\"wp-block-spacer\"><\/div>\n\n\n\n<div class=\"wp-block-columns\">\n<div class=\"wp-block-column is-vertically-aligned-top\">\n<p class=\"has-palette-3-color has-text-color has-extra-large-font-size\">Creemos en la compostabilidad<\/p>\n\n\n\n<div style=\"height:22px\" aria-hidden=\"true\" class=\"wp-block-spacer\"><\/div>\n\n\n\n<p>En los \u00faltimos a\u00f1os hemos iniciado el proceso de certificaci\u00f3n oficial de algunos <strong><mark style=\"background-color:rgba(0, 0, 0, 0)\" class=\"has-inline-color has-palette-4-color\">art\u00edculos compostables, es decir impresos con material biopl\u00e1stico derivado de fuentes renovables<\/mark><\/strong>.<\/p>\n\n\n\n<p>Esta elecci\u00f3n est\u00e1 ligada al deseo de hacer que la <strong><mark style=\"background-color:rgba(0, 0, 0, 0)\" class=\"has-inline-color has-palette-4-color\">eliminaci\u00f3n de los clips sea m\u00e1s sostenible y eficiente para los productores<\/mark><\/strong>, ya que, despu\u00e9s de cada ciclo de producci\u00f3n, los propios clips se pueden eliminar en instalaciones de compostaje industrial junto con las plantas, sin separarlos de ellos para fines de reciclaje.<\/p>\n\n\n\n<div style=\"height:22px\" aria-hidden=\"true\" class=\"wp-block-spacer\"><\/div>\n\n\n\n<div class=\"wp-block-buttons\">\n<div class=\"wp-block-button\"><a class=\"wp-block-button__link has-white-color has-palette-4-background-color has-text-color has-background wp-element-button\" href=\"https:\/\/www.simonetticompany.com\/es\/product\/picker-tomato-clip-bio-d-23-mm-compostable\/\">Mostrar m\u00e1s<\/a><\/div>\n<\/div>\n<\/div>\n\n\n\n<div class=\"wp-block-column is-vertically-aligned-center\">\n<figure class=\"wp-block-image aligncenter size-product_preview_crop_small\"><img loading=\"lazy\" decoding=\"async\" width=\"600\" height=\"600\" src=\"https:\/\/www.simonetticompany.com\/wp-content\/uploads\/2023\/03\/4619-600x600.jpg\" alt=\"\" class=\"wp-image-1618\" srcset=\"https:\/\/www.simonetticompany.com\/wp-content\/uploads\/2023\/03\/4619-600x600.jpg 600w, https:\/\/www.simonetticompany.com\/wp-content\/uploads\/2023\/03\/4619-150x150.jpg 150w, https:\/\/www.simonetticompany.com\/wp-content\/uploads\/2023\/03\/4619-768x768.jpg 768w, https:\/\/www.simonetticompany.com\/wp-content\/uploads\/2023\/03\/4619-1536x1536.jpg 1536w, https:\/\/www.simonetticompany.com\/wp-content\/uploads\/2023\/03\/4619-900x900.jpg 900w, https:\/\/www.simonetticompany.com\/wp-content\/uploads\/2023\/03\/4619.jpg 1600w\" sizes=\"auto, (max-width: 600px) 100vw, 600px\" \/><\/figure>\n<\/div>\n<\/div>\n<\/div>\n\n\n    <div id=\"custom_cta-block_3a7768391a61757bc74a216a92bb4df8\" class=\"custom_cta\">\r\n        <div class=\"CTA_Wrapper\">\r\n    <div class=\"container\">\r\n        <div class=\"CTA_Title is-style-pbigtitle has-palette-4-color\">Nos gustar\u00eda ayudarte<\/div>\r\n        <div class=\"CTA_Descr\"><p>Si necesita m\u00e1s informaci\u00f3n sobre nosotros y nuestra gama de productos, no dude en ponerse en contacto con nosotros. \u00a1Estaremos encantados de ayudarte!<\/p>\n<\/div>\r\n                    <div class=\"CTA_Descr\"><a href=\"https:\/\/www.simonetticompany.com\/es\/contactenos\/\" class=\"wp-block-button__link has-white-color has-palette-4-background-color has-text-color has-background wp-element-button\">Cont\u00e1ctenos<\/a><\/div>\r\n                <\/div>\r\n<\/div>    <\/div>\r\n    ","protected":false},"excerpt":{"rendered":"<p>Sostenibilidad Desde el principio hemos cre\u00eddo firmemente en el valor de la sostenibilidad. Si hemos dedicado nuestra actividad al mundo [&hellip;]<\/p>\n","protected":false},"author":1,"featured_media":5046,"parent":0,"menu_order":0,"comment_status":"closed","ping_status":"closed","template":"","meta":{"_acf_changed":false,"inline_featured_image":false,"footnotes":""},"class_list":["post-6084","page","type-page","status-publish","has-post-thumbnail","hentry"],"acf":[],"yoast_head":"<title>Sostenibilidad<\/title>\n<meta name=\"robots\" content=\"index, follow, max-snippet:-1, max-image-preview:large, max-video-preview:-1\" \/>\n<link rel=\"canonical\" href=\"https:\/\/www.simonetticompany.com\/es\/sostenibilidad\/\" \/>\n<meta property=\"og:locale\" content=\"es_ES\" \/>\n<meta property=\"og:type\" content=\"article\" \/>\n<meta property=\"og:title\" content=\"Sostenibilidad\" \/>\n<meta property=\"og:description\" content=\"Sostenibilidad Desde el principio hemos cre\u00eddo firmemente en el valor de la sostenibilidad. Si hemos dedicado nuestra actividad al mundo [&hellip;]\" \/>\n<meta property=\"og:url\" content=\"https:\/\/www.simonetticompany.com\/es\/sostenibilidad\/\" \/>\n<meta property=\"og:site_name\" content=\"Simonetti\" \/>\n<meta property=\"article:modified_time\" content=\"2023-07-07T15:44:27+00:00\" \/>\n<meta property=\"og:image\" content=\"https:\/\/www.simonetticompany.com\/wp-content\/uploads\/2022\/12\/greenhouse-slide-home-1.jpg\" \/>\n\t<meta property=\"og:image:width\" content=\"1920\" \/>\n\t<meta property=\"og:image:height\" content=\"900\" \/>\n\t<meta property=\"og:image:type\" content=\"image\/jpeg\" \/>\n<meta name=\"twitter:card\" content=\"summary_large_image\" \/>\n<meta name=\"twitter:label1\" content=\"Tiempo de lectura\" \/>\n\t<meta name=\"twitter:data1\" content=\"4 minutos\" \/>\n<script type=\"application\/ld+json\" class=\"yoast-schema-graph\">{\"@context\":\"https:\\\/\\\/schema.org\",\"@graph\":[{\"@type\":\"WebPage\",\"@id\":\"https:\\\/\\\/www.simonetticompany.com\\\/es\\\/sostenibilidad\\\/\",\"url\":\"https:\\\/\\\/www.simonetticompany.com\\\/es\\\/sostenibilidad\\\/\",\"name\":\"Sostenibilidad\",\"isPartOf\":{\"@id\":\"https:\\\/\\\/www.simonetticompany.com\\\/es\\\/#website\"},\"primaryImageOfPage\":{\"@id\":\"https:\\\/\\\/www.simonetticompany.com\\\/es\\\/sostenibilidad\\\/#primaryimage\"},\"image\":{\"@id\":\"https:\\\/\\\/www.simonetticompany.com\\\/es\\\/sostenibilidad\\\/#primaryimage\"},\"thumbnailUrl\":\"https:\\\/\\\/www.simonetticompany.com\\\/wp-content\\\/uploads\\\/2022\\\/12\\\/greenhouse-slide-home-1.jpg\",\"datePublished\":\"2022-12-16T10:15:19+00:00\",\"dateModified\":\"2023-07-07T15:44:27+00:00\",\"inLanguage\":\"es\",\"potentialAction\":[{\"@type\":\"ReadAction\",\"target\":[\"https:\\\/\\\/www.simonetticompany.com\\\/es\\\/sostenibilidad\\\/\"]}]},{\"@type\":\"ImageObject\",\"inLanguage\":\"es\",\"@id\":\"https:\\\/\\\/www.simonetticompany.com\\\/es\\\/sostenibilidad\\\/#primaryimage\",\"url\":\"https:\\\/\\\/www.simonetticompany.com\\\/wp-content\\\/uploads\\\/2022\\\/12\\\/greenhouse-slide-home-1.jpg\",\"contentUrl\":\"https:\\\/\\\/www.simonetticompany.com\\\/wp-content\\\/uploads\\\/2022\\\/12\\\/greenhouse-slide-home-1.jpg\",\"width\":1920,\"height\":900,\"caption\":\"durabilit\u00e9-simonetti-adamo\"},{\"@type\":\"WebSite\",\"@id\":\"https:\\\/\\\/www.simonetticompany.com\\\/es\\\/#website\",\"url\":\"https:\\\/\\\/www.simonetticompany.com\\\/es\\\/\",\"name\":\"Simonetti\",\"description\":\"Plastic manufacturer for horticulture\",\"publisher\":{\"@id\":\"https:\\\/\\\/www.simonetticompany.com\\\/es\\\/#organization\"},\"potentialAction\":[{\"@type\":\"SearchAction\",\"target\":{\"@type\":\"EntryPoint\",\"urlTemplate\":\"https:\\\/\\\/www.simonetticompany.com\\\/es\\\/?s={search_term_string}\"},\"query-input\":{\"@type\":\"PropertyValueSpecification\",\"valueRequired\":true,\"valueName\":\"search_term_string\"}}],\"inLanguage\":\"es\"},{\"@type\":\"Organization\",\"@id\":\"https:\\\/\\\/www.simonetticompany.com\\\/es\\\/#organization\",\"name\":\"Simonetti\",\"url\":\"https:\\\/\\\/www.simonetticompany.com\\\/es\\\/\",\"logo\":{\"@type\":\"ImageObject\",\"inLanguage\":\"es\",\"@id\":\"https:\\\/\\\/www.simonetticompany.com\\\/es\\\/#\\\/schema\\\/logo\\\/image\\\/\",\"url\":\"https:\\\/\\\/www.simonetticompany.com\\\/wp-content\\\/uploads\\\/2022\\\/11\\\/simonetti-company-logo.svg\",\"contentUrl\":\"https:\\\/\\\/www.simonetticompany.com\\\/wp-content\\\/uploads\\\/2022\\\/11\\\/simonetti-company-logo.svg\",\"width\":252,\"height\":65,\"caption\":\"Simonetti\"},\"image\":{\"@id\":\"https:\\\/\\\/www.simonetticompany.com\\\/es\\\/#\\\/schema\\\/logo\\\/image\\\/\"}}]}<\/script>","yoast_head_json":{"title":"Sostenibilidad","robots":{"index":"index","follow":"follow","max-snippet":"max-snippet:-1","max-image-preview":"max-image-preview:large","max-video-preview":"max-video-preview:-1"},"canonical":"https:\/\/www.simonetticompany.com\/es\/sostenibilidad\/","og_locale":"es_ES","og_type":"article","og_title":"Sostenibilidad","og_description":"Sostenibilidad Desde el principio hemos cre\u00eddo firmemente en el valor de la sostenibilidad. Si hemos dedicado nuestra actividad al mundo [&hellip;]","og_url":"https:\/\/www.simonetticompany.com\/es\/sostenibilidad\/","og_site_name":"Simonetti","article_modified_time":"2023-07-07T15:44:27+00:00","og_image":[{"width":1920,"height":900,"url":"https:\/\/www.simonetticompany.com\/wp-content\/uploads\/2022\/12\/greenhouse-slide-home-1.jpg","type":"image\/jpeg"}],"twitter_card":"summary_large_image","twitter_misc":{"Tiempo de lectura":"4 minutos"},"schema":{"@context":"https:\/\/schema.org","@graph":[{"@type":"WebPage","@id":"https:\/\/www.simonetticompany.com\/es\/sostenibilidad\/","url":"https:\/\/www.simonetticompany.com\/es\/sostenibilidad\/","name":"Sostenibilidad","isPartOf":{"@id":"https:\/\/www.simonetticompany.com\/es\/#website"},"primaryImageOfPage":{"@id":"https:\/\/www.simonetticompany.com\/es\/sostenibilidad\/#primaryimage"},"image":{"@id":"https:\/\/www.simonetticompany.com\/es\/sostenibilidad\/#primaryimage"},"thumbnailUrl":"https:\/\/www.simonetticompany.com\/wp-content\/uploads\/2022\/12\/greenhouse-slide-home-1.jpg","datePublished":"2022-12-16T10:15:19+00:00","dateModified":"2023-07-07T15:44:27+00:00","inLanguage":"es","potentialAction":[{"@type":"ReadAction","target":["https:\/\/www.simonetticompany.com\/es\/sostenibilidad\/"]}]},{"@type":"ImageObject","inLanguage":"es","@id":"https:\/\/www.simonetticompany.com\/es\/sostenibilidad\/#primaryimage","url":"https:\/\/www.simonetticompany.com\/wp-content\/uploads\/2022\/12\/greenhouse-slide-home-1.jpg","contentUrl":"https:\/\/www.simonetticompany.com\/wp-content\/uploads\/2022\/12\/greenhouse-slide-home-1.jpg","width":1920,"height":900,"caption":"durabilit\u00e9-simonetti-adamo"},{"@type":"WebSite","@id":"https:\/\/www.simonetticompany.com\/es\/#website","url":"https:\/\/www.simonetticompany.com\/es\/","name":"Simonetti","description":"Plastic manufacturer for horticulture","publisher":{"@id":"https:\/\/www.simonetticompany.com\/es\/#organization"},"potentialAction":[{"@type":"SearchAction","target":{"@type":"EntryPoint","urlTemplate":"https:\/\/www.simonetticompany.com\/es\/?s={search_term_string}"},"query-input":{"@type":"PropertyValueSpecification","valueRequired":true,"valueName":"search_term_string"}}],"inLanguage":"es"},{"@type":"Organization","@id":"https:\/\/www.simonetticompany.com\/es\/#organization","name":"Simonetti","url":"https:\/\/www.simonetticompany.com\/es\/","logo":{"@type":"ImageObject","inLanguage":"es","@id":"https:\/\/www.simonetticompany.com\/es\/#\/schema\/logo\/image\/","url":"https:\/\/www.simonetticompany.com\/wp-content\/uploads\/2022\/11\/simonetti-company-logo.svg","contentUrl":"https:\/\/www.simonetticompany.com\/wp-content\/uploads\/2022\/11\/simonetti-company-logo.svg","width":252,"height":65,"caption":"Simonetti"},"image":{"@id":"https:\/\/www.simonetticompany.com\/es\/#\/schema\/logo\/image\/"}}]}},"_links":{"self":[{"href":"https:\/\/www.simonetticompany.com\/es\/wp-json\/wp\/v2\/pages\/6084","targetHints":{"allow":["GET"]}}],"collection":[{"href":"https:\/\/www.simonetticompany.com\/es\/wp-json\/wp\/v2\/pages"}],"about":[{"href":"https:\/\/www.simonetticompany.com\/es\/wp-json\/wp\/v2\/types\/page"}],"author":[{"embeddable":true,"href":"https:\/\/www.simonetticompany.com\/es\/wp-json\/wp\/v2\/users\/1"}],"replies":[{"embeddable":true,"href":"https:\/\/www.simonetticompany.com\/es\/wp-json\/wp\/v2\/comments?post=6084"}],"version-history":[{"count":5,"href":"https:\/\/www.simonetticompany.com\/es\/wp-json\/wp\/v2\/pages\/6084\/revisions"}],"predecessor-version":[{"id":6540,"href":"https:\/\/www.simonetticompany.com\/es\/wp-json\/wp\/v2\/pages\/6084\/revisions\/6540"}],"wp:featuredmedia":[{"embeddable":true,"href":"https:\/\/www.simonetticompany.com\/es\/wp-json\/wp\/v2\/media\/5046"}],"wp:attachment":[{"href":"https:\/\/www.simonetticompany.com\/es\/wp-json\/wp\/v2\/media?parent=6084"}],"curies":[{"name":"wp","href":"https:\/\/api.w.org\/{rel}","templated":true}]}}