{"id":6081,"date":"2023-02-22T11:58:52","date_gmt":"2023-02-22T10:58:52","guid":{"rendered":"https:\/\/www.simonetticompany.com\/privacy-policy\/"},"modified":"2023-07-12T13:45:13","modified_gmt":"2023-07-12T11:45:13","slug":"declaration-de-confidentialite","status":"publish","type":"page","link":"https:\/\/www.simonetticompany.com\/fr\/declaration-de-confidentialite\/","title":{"rendered":"D\u00e9claration de confidentialit\u00e9"},"content":{"rendered":"\n<div class=\"wp-block-group is-style-container\">\n<div style=\"height:24px\" aria-hidden=\"true\" class=\"wp-block-spacer\"><\/div>\n\n\n\n<h1 class=\"wp-block-heading is-style-bigtitle has-palette-4-color has-text-color\">D\u00e9claration de confidentialit\u00e9<\/h1>\n\n\n\n<div style=\"height:27px\" aria-hidden=\"true\" class=\"wp-block-spacer\"><\/div>\n\n\n\n<div style=\"height:28px\" aria-hidden=\"true\" class=\"wp-block-spacer d-none d-sm-block\"><\/div>\n\n\n\n<p><strong><em><mark style=\"background-color:rgba(0, 0, 0, 0)\" class=\"has-inline-color has-palette-4-color\"><em>Nous respectons la confidentialit\u00e9 des visiteurs de notre site Web. Les donn\u00e9es qui nous sont fournies seront trait\u00e9es avec soin et confidentialit\u00e9.<\/em><\/mark><\/em><\/strong><\/p>\n\n\n\n<p><strong><em><mark style=\"background-color:rgba(0, 0, 0, 0)\" class=\"has-inline-color has-palette-4-color\">D\u00e9couvrez de plus dans la d\u00e9claration officielle qui suit.<\/mark><\/em><\/strong><\/p>\n\n\n\n<div style=\"height:50px\" aria-hidden=\"true\" class=\"wp-block-spacer\"><\/div>\n\n\n\n<div style=\"height:50px\" aria-hidden=\"true\" class=\"wp-block-spacer d-none d-sm-block\"><\/div>\n\n\n\n<p class=\"has-palette-4-color has-text-color\"><strong>INTRODUCTION<\/strong><\/p>\n\n\n\n<p>SIMONETTI ADAMO S.R.L., R\u00e9pertoire des Entreprises de Tr\u00e9vise (C.C.I.A.A.) et Code fiscal n\u00b0 03234700262, TVA n\u00b0 IT03234700262 et si\u00e8ge social \u00e0 Viale Europa, 55, 31010, Farra di Soligo (TV) &#8211; Italie, en tant que \u201cresponsable du traitement\u201d, c&rsquo;est-\u00e0-dire titulaire du traitement de vos donn\u00e9es personnelles, d\u00e9livre cette communication conform\u00e9ment \u00e0 la r\u00e9glementation europ\u00e9enne et italienne sur la protection des donn\u00e9es, afin de vous informer sur les finalit\u00e9s et les modalit\u00e9s du traitement des donn\u00e9es personnelles communiqu\u00e9es lors de la navigation sur ce site web.<\/p>\n\n\n\n<div style=\"height:29px\" aria-hidden=\"true\" class=\"wp-block-spacer\"><\/div>\n\n\n\n<div style=\"height:29px\" aria-hidden=\"true\" class=\"wp-block-spacer d-none d-sm-block\"><\/div>\n\n\n\n<p class=\"has-palette-4-color has-text-color\"><strong>CAT\u00c9GORIES DE DONN\u00c9ES TRAIT\u00c9ES<\/strong><\/p>\n\n\n\n<p><strong><mark style=\"background-color:rgba(0, 0, 0, 0)\" class=\"has-inline-color has-palette-4-color\">Donn\u00e9es de navigation<\/mark><\/strong><\/p>\n\n\n\n<p>Les syst\u00e8mes informatiques et les proc\u00e9dures logicielles utilis\u00e9s pour faire fonctionner ce site Web acqui\u00e8rent, au cours de leur fonctionnement normal, certaines donn\u00e9es personnelles dont la transmission est implicite dans l&rsquo;utilisation des protocoles de communication Internet. Il s&rsquo;agit d&rsquo;une information qui n&rsquo;est pas collect\u00e9e pour \u00eatre associ\u00e9e \u00e0 des parties int\u00e9ress\u00e9es identifi\u00e9es, mais qui, de par sa nature m\u00eame, pourrait permettre d&rsquo;identifier les utilisateurs par le biais du traitement et de l&rsquo;association avec des donn\u00e9es d\u00e9tenues par des tiers. Cette cat\u00e9gorie de donn\u00e9es comprend, par exemple, les adresses IP ou les noms de domaine des ordinateurs utilis\u00e9s par les utilisateurs qui se connectent au site web; les adresses URI (Uniform Resource Identifier) des ressources demand\u00e9es; l&rsquo;heure de la demande, la m\u00e9thode utilis\u00e9e pour soumettre la demande au serveur, la taille du fichier obtenu en r\u00e9ponse, le code num\u00e9rique indiquant l&rsquo;\u00e9tat de la r\u00e9ponse donn\u00e9e par le serveur (succ\u00e8s, erreur, etc.); et d&rsquo;autres param\u00e8tres relatifs au syst\u00e8me d&rsquo;exploitation et \u00e0 l&rsquo;environnement informatique de l&rsquo;utilisateur. Ces donn\u00e9es ne sont utilis\u00e9es que pour obtenir des informations statistiques anonymes sur l&rsquo;utilisation du site web et pour en v\u00e9rifier le bon fonctionnement, et sont imm\u00e9diatement effac\u00e9es apr\u00e8s leur traitement. Pour les besoins li\u00e9s au fonctionnement et \u00e0 la maintenance, le site web et les services tiers qu&rsquo;il utilise peuvent collecter des journaux de syst\u00e8me, qui sont des fichiers qui enregistrent les interactions et qui peuvent \u00e9galement contenir des donn\u00e9es \u00e0 caract\u00e8re personnel, telles que l&rsquo;adresse IP de l&rsquo;utilisateur.<\/p>\n\n\n\n<div style=\"height:22px\" aria-hidden=\"true\" class=\"wp-block-spacer\"><\/div>\n\n\n\n<p class=\"has-palette-4-color has-text-color\"><strong>Donn\u00e9es fournies volontairement par l&rsquo;utilisateur, nature des donn\u00e9es fournies et cons\u00e9quences en cas de refus<\/strong><\/p>\n\n\n\n<p>L&rsquo;envoi volontaire de courriels \u00e0 l&rsquo;adresse indiqu\u00e9e sur ce site &#8211; facultatif, explicite et volontaire &#8211; entra\u00eene l&rsquo;acquisition ult\u00e9rieure de votre adresse \u00e9lectronique, ainsi que d&rsquo;\u00e9ventuelles donn\u00e9es personnelles suppl\u00e9mentaires communiqu\u00e9es dans le m\u00eame courriel.<\/p>\n\n\n\n<p>En outre, le site web contient des formulaires \u00e0 remplir qui demandent une s\u00e9rie de donn\u00e9es. En d\u00e9cidant volontairement de les remplir, vous savez cela:<\/p>\n\n\n\n<ol class=\"wp-block-list\">\n<li>nous traitons vos donn\u00e9es personnelles communiqu\u00e9es par le biais de ces formulaires pour r\u00e9pondre aux demandes formul\u00e9es (par exemple, pour obtenir des informations sur les produits ou les services, pour recevoir des brochures, des catalogues et\/ou d&rsquo;autres mat\u00e9riels d&rsquo;information d&rsquo;entreprise, pour obtenir un devis et\/ou des \u00e9chantillons de produits, etc);<\/li>\n\n\n\n<li>nous utilisons vos coordonn\u00e9es (nom et pr\u00e9nom, raison sociale, adresse \u00e9lectronique, num\u00e9ro de t\u00e9l\u00e9phone fixe ou mobile, adresse postale) pour r\u00e9aliser occasionnellement (maximum 2 \u00e0 3 fois par an) des enqu\u00eates d&rsquo;opinion et de satisfaction, envoyer des communications commerciales contenant des informations sur nos produits ou services, ainsi que des promotions ou des invitations \u00e0 des expositions ou \u00e0 des \u00e9v\u00e9nements auxquels nous participerons.<\/li>\n<\/ol>\n\n\n\n<p>\u00c0 ces fins, votre consentement explicite est requis sur notre site web. En particulier:<\/p>\n\n\n\n<ol class=\"wp-block-list\">\n<li>la fourniture de donn\u00e9es aux fins vis\u00e9es au point 1 ci-dessus ne n\u00e9cessiterait pas de consentement conform\u00e9ment \u00e0 la l\u00e9gislation europ\u00e9enne et italienne, car vos coordonn\u00e9es seraient utilis\u00e9es pour fournir une r\u00e9ponse \u00e0 votre demande. Tout refus de le fournir, en tout ou en partie, rendrait en effet impossible la poursuite des objectifs susmentionn\u00e9s;<\/li>\n\n\n\n<li>toutefois, votre consentement est obligatoirement requis sur notre site web si vos donn\u00e9es de contact sont utilis\u00e9es non seulement aux fins indiqu\u00e9es au point 1, mais aussi aux fins vis\u00e9es au point 2. A d\u00e9faut, nous ne pourrons pas exercer les activit\u00e9s correspondantes, mais nous pourrons toujours poursuivre les objectifs vis\u00e9s au point 1.<\/li>\n<\/ol>\n\n\n\n<p>En tout \u00e9tat de cause, le consentement fourni en remplissant les formulaires peut toujours \u00eatre modifi\u00e9 ou r\u00e9voqu\u00e9 en \u00e9crivant un courriel \u00e0 l&rsquo;adresse de notre soci\u00e9t\u00e9 (<a href=\"mailto:info@simonettiplast.com\">info@simonettiplast.com<\/a>).<\/p>\n\n\n\n<div style=\"height:29px\" aria-hidden=\"true\" class=\"wp-block-spacer\"><\/div>\n\n\n\n<div style=\"height:29px\" aria-hidden=\"true\" class=\"wp-block-spacer d-none d-sm-block\"><\/div>\n\n\n\n<p class=\"has-palette-4-color has-text-color\"><strong>COOKIES<\/strong><\/p>\n\n\n\n<p>Allez \u00e0 notre <a href=\"https:\/\/www.simonetticompany.com\/fr\/cookie-policy\/\">D\u00e9claration de cookies<\/a>.<\/p>\n\n\n\n<div style=\"height:29px\" aria-hidden=\"true\" class=\"wp-block-spacer\"><\/div>\n\n\n\n<div style=\"height:29px\" aria-hidden=\"true\" class=\"wp-block-spacer d-none d-sm-block\"><\/div>\n\n\n\n<p class=\"has-palette-4-color has-text-color\"><strong>FINALIT\u00c9 ET BASE JURIDIQUE DU TRAITEMENT DES DONN\u00c9ES, NATURE DE LA FOURNITURE DES DONN\u00c9ES ET CONS\u00c9QUENCES EN CAS DE REFUS<\/strong><\/p>\n\n\n\n<p>Comme pr\u00e9vu dans les paragraphes pr\u00e9c\u00e9dents, nous traiterons vos donn\u00e9es afin de faciliter la navigation et de fournir les services que vous avez pu demander par le biais des formulaires de contact sp\u00e9cialement pr\u00e9vus \u00e0 cet effet sur le site web. Sauf ce qui est sp\u00e9cifi\u00e9 pour les donn\u00e9es de navigation et les cookies techniques, dans les sections du site web consacr\u00e9es \u00e0 des services particuliers \u00e0 votre demande, vous serez libre de fournir vos donn\u00e9es personnelles, mais le fait de ne pas les fournir peut entra\u00eener l&rsquo;impossibilit\u00e9 d&rsquo;obtenir le service demand\u00e9.<\/p>\n\n\n\n<div style=\"height:29px\" aria-hidden=\"true\" class=\"wp-block-spacer\"><\/div>\n\n\n\n<div style=\"height:29px\" aria-hidden=\"true\" class=\"wp-block-spacer d-none d-sm-block\"><\/div>\n\n\n\n<p class=\"has-palette-4-color has-text-color\"><strong>P\u00c9RIODE DE CONSERVATION DES DONN\u00c9ES<\/strong><\/p>\n\n\n\n<p>Nous traiterons les donn\u00e9es personnelles collect\u00e9es lors de l&rsquo;utilisation du site web pendant la dur\u00e9e jug\u00e9e strictement n\u00e9cessaire pour atteindre les objectifs pour lesquels elles ont \u00e9t\u00e9 acquises. En particulier:<\/p>\n\n\n\n<ol class=\"wp-block-list\">\n<li>dans le but de r\u00e9pondre \u00e0 des demandes d&rsquo;information, de devis, d&rsquo;\u00e9chantillons ou de tout type de mat\u00e9riel d&rsquo;information d&rsquo;entreprise, toutes les donn\u00e9es collect\u00e9es seront conserv\u00e9es jusqu&rsquo;\u00e0 la fin du service et, par cons\u00e9quent, pendant une p\u00e9riode raisonnable visant \u00e0 v\u00e9rifier la fourniture de r\u00e9ponses ou \u00e0 r\u00e9pondre \u00e0 toute demande de d\u00e9sinscription;<\/li>\n\n\n\n<li>\u00e0 des fins promotionnelles, les donn\u00e9es seront trait\u00e9es pendant vingt-quatre mois \u00e0 compter de la d\u00e9livrance du consentement.<\/li>\n<\/ol>\n\n\n\n<p>Toutefois, vous pouvez r\u00e9voquer le consentement \u00e0 tout moment en \u00e9crivant \u00e0: <a href=\"mailto:info@simonettiplast.com\">info@simonettiplast.com<\/a>.<\/p>\n\n\n\n<div style=\"height:29px\" aria-hidden=\"true\" class=\"wp-block-spacer\"><\/div>\n\n\n\n<div style=\"height:29px\" aria-hidden=\"true\" class=\"wp-block-spacer d-none d-sm-block\"><\/div>\n\n\n\n<p class=\"has-palette-4-color has-text-color\"><strong><strong>PORT\u00c9E DE LA COMMUNICATION DES DONN\u00c9ES ET CAT\u00c9GORIES DE DESTINATAIRES<\/strong><\/strong><\/p>\n\n\n\n<p>Nous ne divulguerons pas les donn\u00e9es, mais nous avons l&rsquo;intention de les communiquer \u00e0 des personnes internes autoris\u00e9es \u00e0 les traiter dans le cadre de leurs fonctions respectives, ainsi qu&rsquo;\u00e0 des agents commerciaux, des \u00e9tablissements de cr\u00e9dit, des compagnies d&rsquo;assurance-cr\u00e9dit, des agences de recouvrement de cr\u00e9dit, d\u2019information commerciale, des soci\u00e9t\u00e9s d&rsquo;affacturage, des soci\u00e9t\u00e9s de conseil, des associations et\/ou organisations commerciales, des professionnels ou des soci\u00e9t\u00e9s de services, ainsi qu&rsquo;\u00e0 des entit\u00e9s publiques et priv\u00e9es, y compris \u00e0 la suite d&rsquo;inspections et de v\u00e9rifications. Si ces destinataires traitent des donn\u00e9es pour le compte du contr\u00f4leur des donn\u00e9es, ils seront d\u00e9sign\u00e9s comme responsables du traitement des donn\u00e9es dans le cadre d&rsquo;un contrat sp\u00e9cifique ou d&rsquo;un autre acte juridique.<\/p>\n\n\n\n<div style=\"height:29px\" aria-hidden=\"true\" class=\"wp-block-spacer\"><\/div>\n\n\n\n<div style=\"height:29px\" aria-hidden=\"true\" class=\"wp-block-spacer d-none d-sm-block\"><\/div>\n\n\n\n<p class=\"has-palette-4-color has-text-color\"><strong>TRANSFERT DE DONN\u00c9ES VERS UN PAYS TIERS ET\/OU UNE ORGANISATION INTERNATIONALE<\/strong><\/p>\n\n\n\n<p>Les donn\u00e9es personnelles ne seront pas transf\u00e9r\u00e9es vers des pays tiers non \u00e9urop\u00e9ens ou des organisations internationales.<\/p>\n\n\n\n<div style=\"height:29px\" aria-hidden=\"true\" class=\"wp-block-spacer\"><\/div>\n\n\n\n<div style=\"height:29px\" aria-hidden=\"true\" class=\"wp-block-spacer d-none d-sm-block\"><\/div>\n\n\n\n<p class=\"has-palette-4-color has-text-color\"><strong><strong>DROITS DES PARTIES INT\u00c9RESS\u00c9ES<\/strong><\/strong><\/p>\n\n\n\n<p>Vous avez le droit de nous demander d&rsquo;acc\u00e9der \u00e0 vos donn\u00e9es personnelles et de les corriger si elles sont inexactes, de les annuler ou de limiter leur traitement si les conditions sont satisfaites, de vous opposer \u00e0 leur traitement pour des int\u00e9r\u00eats l\u00e9gitimes poursuivis par nous, ainsi que d&rsquo;obtenir la portabilit\u00e9 des donn\u00e9es personnelles fournies uniquement si elles font l&rsquo;objet d&rsquo;un traitement automatis\u00e9 bas\u00e9 sur le consentement ou le contrat. Vous avez \u00e9galement le droit de r\u00e9voquer le consentement donn\u00e9 pour les finalit\u00e9s de traitement qui l&rsquo;exigent, sans pr\u00e9judice de la l\u00e9galit\u00e9 du traitement effectu\u00e9 jusqu&rsquo;au moment de la r\u00e9vocation. Pour exercer ces droits, vous pouvez utiliser le formulaire disponible <a href=\"https:\/\/www.garanteprivacy.it\/web\/guest\/home\/docweb\/-\/docweb-display\/docweb\/1089924\">ici<\/a> et nous le transmettre \u00e0 l&rsquo;adresse suivante: <a href=\"mailto:info@simonettiplast.com\">info@simonettiplast.com<\/a>. Vous avez \u00e9galement le droit de d\u00e9poser une plainte aupr\u00e8s de l&rsquo;autorit\u00e9 de contr\u00f4le comp\u00e9tente en la mati\u00e8re, l&rsquo;autorit\u00e9 charg\u00e9e de la protection des donn\u00e9es (<a href=\"https:\/\/www.garanteprivacy.it\/\" target=\"_blank\" rel=\"noreferrer noopener\">www.garanteprivacy.it<\/a>).<\/p>\n\n\n\n<div style=\"height:50px\" aria-hidden=\"true\" class=\"wp-block-spacer\"><\/div>\n\n\n\n<p>Ces informations peuvent faire l&rsquo;objet de modifications: nous vous recommandons donc de v\u00e9rifier la date de la derni\u00e8re r\u00e9vision. Toute modification prend effet \u00e0 la date de sa publication sur le site internet.<\/p>\n\n\n\n<div style=\"height:112px\" aria-hidden=\"true\" class=\"wp-block-spacer\"><\/div>\n\n\n\n<p>Derni\u00e8re mise \u00e0 jour: 23 F\u00e9v. 2023<\/p>\n<\/div>\n","protected":false},"excerpt":{"rendered":"<p>D\u00e9claration de confidentialit\u00e9 Nous respectons la confidentialit\u00e9 des visiteurs de notre site Web. Les donn\u00e9es qui nous sont fournies seront [&hellip;]<\/p>\n","protected":false},"author":1,"featured_media":0,"parent":0,"menu_order":0,"comment_status":"closed","ping_status":"closed","template":"","meta":{"_acf_changed":false,"inline_featured_image":false,"footnotes":""},"class_list":["post-6081","page","type-page","status-publish","hentry"],"acf":[],"yoast_head":"<title>D\u00e9claration de confidentialit\u00e9<\/title>\n<meta name=\"robots\" content=\"noindex, follow\" \/>\n<meta property=\"og:locale\" content=\"fr_FR\" \/>\n<meta property=\"og:type\" content=\"article\" \/>\n<meta property=\"og:title\" content=\"D\u00e9claration de confidentialit\u00e9\" \/>\n<meta property=\"og:description\" content=\"D\u00e9claration de confidentialit\u00e9 Nous respectons la confidentialit\u00e9 des visiteurs de notre site Web. Les donn\u00e9es qui nous sont fournies seront [&hellip;]\" \/>\n<meta property=\"og:url\" content=\"https:\/\/www.simonetticompany.com\/fr\/declaration-de-confidentialite\/\" \/>\n<meta property=\"og:site_name\" content=\"Simonetti\" \/>\n<meta property=\"article:modified_time\" content=\"2023-07-12T11:45:13+00:00\" \/>\n<meta name=\"twitter:card\" content=\"summary_large_image\" \/>\n<meta name=\"twitter:label1\" content=\"Dur\u00e9e de lecture estim\u00e9e\" \/>\n\t<meta name=\"twitter:data1\" content=\"6 minutes\" \/>\n<script type=\"application\/ld+json\" class=\"yoast-schema-graph\">{\"@context\":\"https:\\\/\\\/schema.org\",\"@graph\":[{\"@type\":\"WebPage\",\"@id\":\"https:\\\/\\\/www.simonetticompany.com\\\/fr\\\/declaration-de-confidentialite\\\/\",\"url\":\"https:\\\/\\\/www.simonetticompany.com\\\/fr\\\/declaration-de-confidentialite\\\/\",\"name\":\"D\u00e9claration de confidentialit\u00e9\",\"isPartOf\":{\"@id\":\"https:\\\/\\\/www.simonetticompany.com\\\/fr\\\/#website\"},\"datePublished\":\"2023-02-22T10:58:52+00:00\",\"dateModified\":\"2023-07-12T11:45:13+00:00\",\"inLanguage\":\"fr-FR\",\"potentialAction\":[{\"@type\":\"ReadAction\",\"target\":[\"https:\\\/\\\/www.simonetticompany.com\\\/fr\\\/declaration-de-confidentialite\\\/\"]}]},{\"@type\":\"WebSite\",\"@id\":\"https:\\\/\\\/www.simonetticompany.com\\\/fr\\\/#website\",\"url\":\"https:\\\/\\\/www.simonetticompany.com\\\/fr\\\/\",\"name\":\"Simonetti\",\"description\":\"Plastic manufacturer for horticulture\",\"publisher\":{\"@id\":\"https:\\\/\\\/www.simonetticompany.com\\\/fr\\\/#organization\"},\"potentialAction\":[{\"@type\":\"SearchAction\",\"target\":{\"@type\":\"EntryPoint\",\"urlTemplate\":\"https:\\\/\\\/www.simonetticompany.com\\\/fr\\\/?s={search_term_string}\"},\"query-input\":{\"@type\":\"PropertyValueSpecification\",\"valueRequired\":true,\"valueName\":\"search_term_string\"}}],\"inLanguage\":\"fr-FR\"},{\"@type\":\"Organization\",\"@id\":\"https:\\\/\\\/www.simonetticompany.com\\\/fr\\\/#organization\",\"name\":\"Simonetti\",\"url\":\"https:\\\/\\\/www.simonetticompany.com\\\/fr\\\/\",\"logo\":{\"@type\":\"ImageObject\",\"inLanguage\":\"fr-FR\",\"@id\":\"https:\\\/\\\/www.simonetticompany.com\\\/fr\\\/#\\\/schema\\\/logo\\\/image\\\/\",\"url\":\"https:\\\/\\\/www.simonetticompany.com\\\/wp-content\\\/uploads\\\/2022\\\/11\\\/simonetti-company-logo.svg\",\"contentUrl\":\"https:\\\/\\\/www.simonetticompany.com\\\/wp-content\\\/uploads\\\/2022\\\/11\\\/simonetti-company-logo.svg\",\"width\":252,\"height\":65,\"caption\":\"Simonetti\"},\"image\":{\"@id\":\"https:\\\/\\\/www.simonetticompany.com\\\/fr\\\/#\\\/schema\\\/logo\\\/image\\\/\"}}]}<\/script>","yoast_head_json":{"title":"D\u00e9claration de confidentialit\u00e9","robots":{"index":"noindex","follow":"follow"},"og_locale":"fr_FR","og_type":"article","og_title":"D\u00e9claration de confidentialit\u00e9","og_description":"D\u00e9claration de confidentialit\u00e9 Nous respectons la confidentialit\u00e9 des visiteurs de notre site Web. Les donn\u00e9es qui nous sont fournies seront [&hellip;]","og_url":"https:\/\/www.simonetticompany.com\/fr\/declaration-de-confidentialite\/","og_site_name":"Simonetti","article_modified_time":"2023-07-12T11:45:13+00:00","twitter_card":"summary_large_image","twitter_misc":{"Dur\u00e9e de lecture estim\u00e9e":"6 minutes"},"schema":{"@context":"https:\/\/schema.org","@graph":[{"@type":"WebPage","@id":"https:\/\/www.simonetticompany.com\/fr\/declaration-de-confidentialite\/","url":"https:\/\/www.simonetticompany.com\/fr\/declaration-de-confidentialite\/","name":"D\u00e9claration de confidentialit\u00e9","isPartOf":{"@id":"https:\/\/www.simonetticompany.com\/fr\/#website"},"datePublished":"2023-02-22T10:58:52+00:00","dateModified":"2023-07-12T11:45:13+00:00","inLanguage":"fr-FR","potentialAction":[{"@type":"ReadAction","target":["https:\/\/www.simonetticompany.com\/fr\/declaration-de-confidentialite\/"]}]},{"@type":"WebSite","@id":"https:\/\/www.simonetticompany.com\/fr\/#website","url":"https:\/\/www.simonetticompany.com\/fr\/","name":"Simonetti","description":"Plastic manufacturer for horticulture","publisher":{"@id":"https:\/\/www.simonetticompany.com\/fr\/#organization"},"potentialAction":[{"@type":"SearchAction","target":{"@type":"EntryPoint","urlTemplate":"https:\/\/www.simonetticompany.com\/fr\/?s={search_term_string}"},"query-input":{"@type":"PropertyValueSpecification","valueRequired":true,"valueName":"search_term_string"}}],"inLanguage":"fr-FR"},{"@type":"Organization","@id":"https:\/\/www.simonetticompany.com\/fr\/#organization","name":"Simonetti","url":"https:\/\/www.simonetticompany.com\/fr\/","logo":{"@type":"ImageObject","inLanguage":"fr-FR","@id":"https:\/\/www.simonetticompany.com\/fr\/#\/schema\/logo\/image\/","url":"https:\/\/www.simonetticompany.com\/wp-content\/uploads\/2022\/11\/simonetti-company-logo.svg","contentUrl":"https:\/\/www.simonetticompany.com\/wp-content\/uploads\/2022\/11\/simonetti-company-logo.svg","width":252,"height":65,"caption":"Simonetti"},"image":{"@id":"https:\/\/www.simonetticompany.com\/fr\/#\/schema\/logo\/image\/"}}]}},"_links":{"self":[{"href":"https:\/\/www.simonetticompany.com\/fr\/wp-json\/wp\/v2\/pages\/6081","targetHints":{"allow":["GET"]}}],"collection":[{"href":"https:\/\/www.simonetticompany.com\/fr\/wp-json\/wp\/v2\/pages"}],"about":[{"href":"https:\/\/www.simonetticompany.com\/fr\/wp-json\/wp\/v2\/types\/page"}],"author":[{"embeddable":true,"href":"https:\/\/www.simonetticompany.com\/fr\/wp-json\/wp\/v2\/users\/1"}],"replies":[{"embeddable":true,"href":"https:\/\/www.simonetticompany.com\/fr\/wp-json\/wp\/v2\/comments?post=6081"}],"version-history":[{"count":3,"href":"https:\/\/www.simonetticompany.com\/fr\/wp-json\/wp\/v2\/pages\/6081\/revisions"}],"predecessor-version":[{"id":7156,"href":"https:\/\/www.simonetticompany.com\/fr\/wp-json\/wp\/v2\/pages\/6081\/revisions\/7156"}],"wp:attachment":[{"href":"https:\/\/www.simonetticompany.com\/fr\/wp-json\/wp\/v2\/media?parent=6081"}],"curies":[{"name":"wp","href":"https:\/\/api.w.org\/{rel}","templated":true}]}}