{"id":6083,"date":"2022-12-16T11:15:19","date_gmt":"2022-12-16T10:15:19","guid":{"rendered":"https:\/\/www.simonetticompany.com\/sustainability\/"},"modified":"2023-07-12T14:04:52","modified_gmt":"2023-07-12T12:04:52","slug":"durabilite","status":"publish","type":"page","link":"https:\/\/www.simonetticompany.com\/fr\/durabilite\/","title":{"rendered":"Durabilit\u00e9"},"content":{"rendered":"\n<div class=\"wp-block-group is-style-container\">\n<div style=\"height:24px\" aria-hidden=\"true\" class=\"wp-block-spacer\"><\/div>\n\n\n\n<h1 class=\"wp-block-heading is-style-bigtitle has-palette-4-color has-text-color\">Durabilit\u00e9<\/h1>\n\n\n\n<div style=\"height:30px\" aria-hidden=\"true\" class=\"wp-block-spacer\"><\/div>\n\n\n\n<p class=\"has-large-font-size\"><strong><em><mark style=\"background-color:rgba(0, 0, 0, 0)\" class=\"has-inline-color has-palette-4-color\">D\u00e8s le d\u00e9but, nous avons cru fermement \u00e0 l&rsquo;id\u00e9al de durabilit\u00e9.<\/mark><\/em><\/strong><\/p>\n\n\n\n<div style=\"height:12px\" aria-hidden=\"true\" class=\"wp-block-spacer\"><\/div>\n\n\n\n<p>Si nous avons consacr\u00e9 notre activit\u00e9 au monde de l&rsquo;horticulture, c&rsquo;est parce que nous avons pris conscience de l&rsquo;<strong><mark style=\"background-color:rgba(0, 0, 0, 0)\" class=\"has-inline-color has-palette-4-color\">importance des serres en tant que solution responsable \u00e0 la croissance de la demande mondiale qui r\u00e9sulte de l&rsquo;augmentation de la population<\/mark><\/strong>. Cultiver verticalement, utiliser des insectes utiles, r\u00e9cup\u00e9rer l&rsquo;eau de pluie, utiliser des sources d&rsquo;\u00e9nergie renouvelables, sans exploiter ni faire tourner la terre, c&rsquo;est en effet r\u00e9colter plus de l\u00e9gumes ou de fruits avec<strong><mark style=\"background-color:rgba(0, 0, 0, 0)\" class=\"has-inline-color has-palette-4-color\"> moins d&rsquo;impact sur l&rsquo;environnement<\/mark><\/strong>, gr\u00e2ce \u00e0 la combinaison parfaite de la technologie et de l&rsquo;expertise agricole.<\/p>\n\n\n\n<p>Nous sommes fiers de faire partie de ce secteur et nous souhaitons travailler dans la m\u00eame direction. <strong><mark style=\"background-color:rgba(0, 0, 0, 0)\" class=\"has-inline-color has-palette-4-color\">Apr\u00e8s tout, on ne saurait soigner le rendement des cultures sans porter un regard responsable sur le pr\u00e9sent et l&rsquo;avenir<\/mark><\/strong>.<\/p>\n\n\n\n<div style=\"height:22px\" aria-hidden=\"true\" class=\"wp-block-spacer\"><\/div>\n<\/div>\n\n\n\n<div class=\"wp-block-cover alignfull\" style=\"min-height:500px;aspect-ratio:unset;\"><span aria-hidden=\"true\" class=\"wp-block-cover__background has-background-dim-0 has-background-dim\"><\/span><img loading=\"lazy\" decoding=\"async\" width=\"1920\" height=\"500\" class=\"wp-block-cover__image-background wp-image-724\" alt=\"\" src=\"https:\/\/www.simonetticompany.com\/wp-content\/uploads\/2022\/12\/greenhouse-slide-home-1-1920x500.jpg\" style=\"object-position:38% 35%\" data-object-fit=\"cover\" data-object-position=\"38% 35%\"\/><div class=\"wp-block-cover__inner-container\">\n<p class=\"has-text-align-center has-large-font-size\"><\/p>\n<\/div><\/div>\n\n\n\n<div style=\"height:50px\" aria-hidden=\"true\" class=\"wp-block-spacer\"><\/div>\n\n\n\n<div class=\"wp-block-group is-style-container\">\n<p class=\"is-style-pbigtitle has-palette-4-color has-text-color\">Pour nous, la durabilit\u00e9 signifie&#8230; assurer la productivit\u00e9 d&rsquo;une mani\u00e8re responsable!<\/p>\n\n\n\n<div style=\"height:77px\" aria-hidden=\"true\" class=\"wp-block-spacer\"><\/div>\n\n\n\n<div class=\"wp-block-columns\">\n<div class=\"wp-block-column\">\n<p class=\"has-palette-3-color has-text-color has-extra-large-font-size\">Nous produisons tout en \u00e9conomisant l&rsquo;\u00e9nergie<\/p>\n\n\n\n<div style=\"height:22px\" aria-hidden=\"true\" class=\"wp-block-spacer\"><\/div>\n\n\n\n<p>Lorsque nous avons commenc\u00e9 \u00e0 nous int\u00e9resser au d\u00e9veloppement durable en tant qu&rsquo;entreprise, nous l&rsquo;avons fait d\u00e8s le d\u00e9but en termes d&rsquo;efficacit\u00e9 \u00e9nerg\u00e9tique et d&rsquo;utilisation intelligente des ressources.<\/p>\n\n\n\n<p>Depuis 1958, nous n&rsquo;avons cess\u00e9 de rechercher et ensuite de mettre en \u0153uvre les solutions technologiques les plus avanc\u00e9es, afin de nous assurer que l&rsquo;ensemble de notre cycle de production \u00e9tait aussi efficace que possible sur le plan \u00e9nerg\u00e9tique.<\/p>\n\n\n\n<p>Par cons\u00e9quent ces derni\u00e8res ann\u00e9es, suite \u00e0 notre d\u00e9cision d&rsquo;investir dans le nouveau si\u00e8ge de l&rsquo;entreprise, nous avons vis\u00e9 la construction d&rsquo;un b\u00e2timent totalement isol\u00e9, con\u00e7u pour exploiter la chaleur \u00e9mise par les machines de moulage du plastique et r\u00e9duire ainsi le besoin de chauffage sur le lieu de travail.<\/p>\n\n\n\n<p>Cette approche permet non seulement une <strong><mark style=\"background-color:rgba(0, 0, 0, 0)\" class=\"has-inline-color has-palette-4-color\">gestion plus responsable de l&rsquo;\u00e9nergie<\/mark><\/strong>, mais aussi une r<strong><mark style=\"background-color:rgba(0, 0, 0, 0)\" class=\"has-inline-color has-palette-4-color\">\u00e9elle r\u00e9duction de l&#8217;empreinte carbone<\/mark><\/strong>.<\/p>\n<\/div>\n\n\n\n<div class=\"wp-block-column is-vertically-aligned-center\">\n<figure class=\"wp-block-image aligncenter size-product_preview_crop_small\"><img loading=\"lazy\" decoding=\"async\" width=\"600\" height=\"600\" src=\"https:\/\/www.simonetticompany.com\/wp-content\/uploads\/2022\/12\/Simonetti-171-600x600.jpg\" alt=\"\" class=\"wp-image-767\" srcset=\"https:\/\/www.simonetticompany.com\/wp-content\/uploads\/2022\/12\/Simonetti-171-600x600.jpg 600w, https:\/\/www.simonetticompany.com\/wp-content\/uploads\/2022\/12\/Simonetti-171-150x150.jpg 150w, https:\/\/www.simonetticompany.com\/wp-content\/uploads\/2022\/12\/Simonetti-171-900x900.jpg 900w\" sizes=\"auto, (max-width: 600px) 100vw, 600px\" \/><\/figure>\n<\/div>\n<\/div>\n\n\n\n<div style=\"height:50px\" aria-hidden=\"true\" class=\"wp-block-spacer\"><\/div>\n\n\n\n<div class=\"wp-block-columns ColumnOrderOnMobile\">\n<div class=\"wp-block-column is-vertically-aligned-center\">\n<figure class=\"wp-block-image aligncenter size-product_preview_crop_small\"><img loading=\"lazy\" decoding=\"async\" width=\"600\" height=\"600\" src=\"https:\/\/www.simonetticompany.com\/wp-content\/uploads\/2023\/03\/Simonetti-71-600x600.jpg\" alt=\"\" class=\"wp-image-1621\" srcset=\"https:\/\/www.simonetticompany.com\/wp-content\/uploads\/2023\/03\/Simonetti-71-600x600.jpg 600w, https:\/\/www.simonetticompany.com\/wp-content\/uploads\/2023\/03\/Simonetti-71-150x150.jpg 150w, https:\/\/www.simonetticompany.com\/wp-content\/uploads\/2023\/03\/Simonetti-71-768x768.jpg 768w, https:\/\/www.simonetticompany.com\/wp-content\/uploads\/2023\/03\/Simonetti-71-1536x1536.jpg 1536w, https:\/\/www.simonetticompany.com\/wp-content\/uploads\/2023\/03\/Simonetti-71-900x900.jpg 900w, https:\/\/www.simonetticompany.com\/wp-content\/uploads\/2023\/03\/Simonetti-71.jpg 1600w\" sizes=\"auto, (max-width: 600px) 100vw, 600px\" \/><\/figure>\n<\/div>\n\n\n\n<div class=\"wp-block-column\">\n<p class=\"has-palette-3-color has-text-color has-extra-large-font-size\">Nous soutenons l&rsquo;\u00e9conomie circulaire<\/p>\n\n\n\n<div style=\"height:22px\" aria-hidden=\"true\" class=\"wp-block-spacer\"><\/div>\n\n\n\n<p>Nous avons toujours cru en l&rsquo;<strong><mark style=\"background-color:rgba(0, 0, 0, 0)\" class=\"has-inline-color has-palette-4-color\">\u00e9conomie circulaire du plastique<\/mark><\/strong>, qui consiste \u00e0 utiliser chaque ressource le plus longtemps possible, \u00e0 en extraire la valeur maximale pendant son utilisation, puis \u00e0 la r\u00e9cup\u00e9rer et \u00e0 la renouveler \u00e0 la fin de chaque cycle de vie. Chez nous, ceci signifie que:<\/p>\n\n\n\n<ul class=\"wp-block-list\">\n<li><strong><mark style=\"background-color:rgba(0, 0, 0, 0)\" class=\"has-inline-color has-palette-4-color\">de plusieurs de nos articles<\/mark><\/strong> sont produits <strong><mark style=\"background-color:rgba(0, 0, 0, 0)\" class=\"has-inline-color has-palette-4-color\">\u00e0 partir de polym\u00e8res obtenus de plastique post-consommation<\/mark><\/strong> <strong><mark style=\"background-color:rgba(0, 0, 0, 0)\" class=\"has-inline-color has-palette-4-color\">ou de d\u00e9chets industriels<\/mark><\/strong>, sans pour autant renoncer \u00e0 la qualit\u00e9 du produit final. Un article produit \u00e0 partir d&rsquo;une mati\u00e8re premi\u00e8re secondaire implique en effet un niveau de qualit\u00e9 \u00e9lev\u00e9 comme celui qui est obtenu \u00e0 partir d&rsquo;une mati\u00e8re premi\u00e8re vierge. Ce r\u00e9sultat est obtenu gr\u00e2ce \u00e0 une <strong><mark style=\"background-color:rgba(0, 0, 0, 0)\" class=\"has-inline-color has-palette-4-color\">s\u00e9lection minutieuse des fournisseurs<\/mark><\/strong> et \u00e0 la recherche du mat\u00e9riau ad\u00e9quat, afin de continuer <strong><mark style=\"background-color:rgba(0, 0, 0, 0)\" class=\"has-inline-color has-palette-4-color\">\u00e0 garantir la qualit\u00e9 n\u00e9cessaire<\/mark><\/strong>;<\/li>\n\n\n\n<li><strong><mark style=\"background-color:rgba(0, 0, 0, 0)\" class=\"has-inline-color has-palette-4-color\">nos d\u00e9chets de production sont imm\u00e9diatement recycl\u00e9s<\/mark><\/strong> et r\u00e9introduits dans le processus de fabrication;<\/li>\n\n\n\n<li><strong><mark style=\"background-color:rgba(0, 0, 0, 0)\" class=\"has-inline-color has-palette-4-color\">95 % de nos produits est recyclable<\/mark><\/strong>.<mark style=\"background-color: rgba(0, 0, 0, 0);\" class=\"has-inline-color has-palette-4-color\"><b> <\/b><\/mark><\/li>\n<\/ul>\n<\/div>\n<\/div>\n\n\n\n<div style=\"height:50px\" aria-hidden=\"true\" class=\"wp-block-spacer\"><\/div>\n\n\n\n<div class=\"wp-block-columns\">\n<div class=\"wp-block-column is-vertically-aligned-top\">\n<p class=\"has-palette-3-color has-text-color has-extra-large-font-size\">Nous croyons en compostage<\/p>\n\n\n\n<div style=\"height:22px\" aria-hidden=\"true\" class=\"wp-block-spacer\"><\/div>\n\n\n\n<p>Ces derni\u00e8res ann\u00e9es, nous avons \u00e9galement entrepris le processus de certification de certains articles <strong><mark style=\"background-color:rgba(0, 0, 0, 0)\" class=\"has-inline-color has-palette-4-color\">compostables produits avec des mat\u00e9riaux bioplastiques issus de sources renouvelables<\/mark><\/strong>.<\/p>\n\n\n\n<p>Ce choix est li\u00e9 \u00e0 la volont\u00e9 de rendre l&rsquo;<strong><mark style=\"background-color:rgba(0, 0, 0, 0)\" class=\"has-inline-color has-palette-4-color\">\u00e9limination des clips plus durable et plus \u201crentable\u201d pour les cultivateurs<\/mark><\/strong>. En effet, apr\u00e8s chaque cycle de production, les clips eux-m\u00eames peuvent \u00eatre \u00e9limin\u00e9s dans les installations de compostage industriel avec les plantes, ce qui acc\u00e9l\u00e8re l&rsquo;\u00e9limination apr\u00e8s la production.<\/p>\n\n\n\n<div style=\"height:22px\" aria-hidden=\"true\" class=\"wp-block-spacer\"><\/div>\n\n\n\n<div class=\"wp-block-buttons\">\n<div class=\"wp-block-button\"><a class=\"wp-block-button__link has-white-color has-palette-4-background-color has-text-color has-background wp-element-button\" href=\"https:\/\/www.simonetticompany.com\/fr\/product\/picker-tomato-clip-bio-d-23-mm-compostable\/\">Voir plus<\/a><\/div>\n<\/div>\n<\/div>\n\n\n\n<div class=\"wp-block-column is-vertically-aligned-center\">\n<figure class=\"wp-block-image aligncenter size-product_preview_crop_small\"><img loading=\"lazy\" decoding=\"async\" width=\"600\" height=\"600\" src=\"https:\/\/www.simonetticompany.com\/wp-content\/uploads\/2023\/03\/4619-600x600.jpg\" alt=\"\" class=\"wp-image-1618\" srcset=\"https:\/\/www.simonetticompany.com\/wp-content\/uploads\/2023\/03\/4619-600x600.jpg 600w, https:\/\/www.simonetticompany.com\/wp-content\/uploads\/2023\/03\/4619-150x150.jpg 150w, https:\/\/www.simonetticompany.com\/wp-content\/uploads\/2023\/03\/4619-768x768.jpg 768w, https:\/\/www.simonetticompany.com\/wp-content\/uploads\/2023\/03\/4619-1536x1536.jpg 1536w, https:\/\/www.simonetticompany.com\/wp-content\/uploads\/2023\/03\/4619-900x900.jpg 900w, https:\/\/www.simonetticompany.com\/wp-content\/uploads\/2023\/03\/4619.jpg 1600w\" sizes=\"auto, (max-width: 600px) 100vw, 600px\" \/><\/figure>\n<\/div>\n<\/div>\n<\/div>\n\n\n    <div id=\"custom_cta-block_ccbb550417c53025301d0b8b632629a5\" class=\"custom_cta\">\r\n        <div class=\"CTA_Wrapper\">\r\n    <div class=\"container\">\r\n        <div class=\"CTA_Title is-style-pbigtitle has-palette-4-color\">Nous aimerons vous aider<\/div>\r\n        <div class=\"CTA_Descr\"><p>Si vous souhaitez obtenir davantage d&rsquo;informations sur nous et notre gamme de produits, n&rsquo;h\u00e9sitez pas \u00e0 nous contacter. Nous serons heureux de vous aider!<\/p>\n<\/div>\r\n                    <div class=\"CTA_Descr\"><a href=\"https:\/\/www.simonetticompany.com\/fr\/contactez-nous\/\" class=\"wp-block-button__link has-white-color has-palette-4-background-color has-text-color has-background wp-element-button\">Contactez nous<\/a><\/div>\r\n                <\/div>\r\n<\/div>    <\/div>\r\n    ","protected":false},"excerpt":{"rendered":"<p>Durabilit\u00e9 D\u00e8s le d\u00e9but, nous avons cru fermement \u00e0 l&rsquo;id\u00e9al de durabilit\u00e9. Si nous avons consacr\u00e9 notre activit\u00e9 au monde [&hellip;]<\/p>\n","protected":false},"author":1,"featured_media":5045,"parent":0,"menu_order":0,"comment_status":"closed","ping_status":"closed","template":"","meta":{"_acf_changed":false,"inline_featured_image":false,"footnotes":""},"class_list":["post-6083","page","type-page","status-publish","has-post-thumbnail","hentry"],"acf":[],"yoast_head":"<title>Durabilit\u00e9<\/title>\n<meta name=\"robots\" content=\"index, follow, max-snippet:-1, max-image-preview:large, max-video-preview:-1\" \/>\n<link rel=\"canonical\" href=\"https:\/\/www.simonetticompany.com\/fr\/durabilite\/\" \/>\n<meta property=\"og:locale\" content=\"fr_FR\" \/>\n<meta property=\"og:type\" content=\"article\" \/>\n<meta property=\"og:title\" content=\"Durabilit\u00e9\" \/>\n<meta property=\"og:description\" content=\"Durabilit\u00e9 D\u00e8s le d\u00e9but, nous avons cru fermement \u00e0 l&rsquo;id\u00e9al de durabilit\u00e9. Si nous avons consacr\u00e9 notre activit\u00e9 au monde [&hellip;]\" \/>\n<meta property=\"og:url\" content=\"https:\/\/www.simonetticompany.com\/fr\/durabilite\/\" \/>\n<meta property=\"og:site_name\" content=\"Simonetti\" \/>\n<meta property=\"article:modified_time\" content=\"2023-07-12T12:04:52+00:00\" \/>\n<meta property=\"og:image\" content=\"https:\/\/www.simonetticompany.com\/wp-content\/uploads\/2022\/12\/greenhouse-slide-home-1.jpg\" \/>\n\t<meta property=\"og:image:width\" content=\"1920\" \/>\n\t<meta property=\"og:image:height\" content=\"900\" \/>\n\t<meta property=\"og:image:type\" content=\"image\/jpeg\" \/>\n<meta name=\"twitter:card\" content=\"summary_large_image\" \/>\n<meta name=\"twitter:label1\" content=\"Dur\u00e9e de lecture estim\u00e9e\" \/>\n\t<meta name=\"twitter:data1\" content=\"4 minutes\" \/>\n<script type=\"application\/ld+json\" class=\"yoast-schema-graph\">{\"@context\":\"https:\/\/schema.org\",\"@graph\":[{\"@type\":\"WebPage\",\"@id\":\"https:\/\/www.simonetticompany.com\/fr\/durabilite\/\",\"url\":\"https:\/\/www.simonetticompany.com\/fr\/durabilite\/\",\"name\":\"Durabilit\u00e9\",\"isPartOf\":{\"@id\":\"https:\/\/www.simonetticompany.com\/fr\/#website\"},\"primaryImageOfPage\":{\"@id\":\"https:\/\/www.simonetticompany.com\/fr\/durabilite\/#primaryimage\"},\"image\":{\"@id\":\"https:\/\/www.simonetticompany.com\/fr\/durabilite\/#primaryimage\"},\"thumbnailUrl\":\"https:\/\/www.simonetticompany.com\/wp-content\/uploads\/2022\/12\/greenhouse-slide-home-1.jpg\",\"datePublished\":\"2022-12-16T10:15:19+00:00\",\"dateModified\":\"2023-07-12T12:04:52+00:00\",\"inLanguage\":\"fr-FR\",\"potentialAction\":[{\"@type\":\"ReadAction\",\"target\":[\"https:\/\/www.simonetticompany.com\/fr\/durabilite\/\"]}]},{\"@type\":\"ImageObject\",\"inLanguage\":\"fr-FR\",\"@id\":\"https:\/\/www.simonetticompany.com\/fr\/durabilite\/#primaryimage\",\"url\":\"https:\/\/www.simonetticompany.com\/wp-content\/uploads\/2022\/12\/greenhouse-slide-home-1.jpg\",\"contentUrl\":\"https:\/\/www.simonetticompany.com\/wp-content\/uploads\/2022\/12\/greenhouse-slide-home-1.jpg\",\"width\":1920,\"height\":900,\"caption\":\"durabilit\u00e9-simonetti-adamo\"},{\"@type\":\"WebSite\",\"@id\":\"https:\/\/www.simonetticompany.com\/fr\/#website\",\"url\":\"https:\/\/www.simonetticompany.com\/fr\/\",\"name\":\"Simonetti\",\"description\":\"Plastic manufacturer for horticulture\",\"publisher\":{\"@id\":\"https:\/\/www.simonetticompany.com\/fr\/#organization\"},\"potentialAction\":[{\"@type\":\"SearchAction\",\"target\":{\"@type\":\"EntryPoint\",\"urlTemplate\":\"https:\/\/www.simonetticompany.com\/fr\/?s={search_term_string}\"},\"query-input\":{\"@type\":\"PropertyValueSpecification\",\"valueRequired\":true,\"valueName\":\"search_term_string\"}}],\"inLanguage\":\"fr-FR\"},{\"@type\":\"Organization\",\"@id\":\"https:\/\/www.simonetticompany.com\/fr\/#organization\",\"name\":\"Simonetti\",\"url\":\"https:\/\/www.simonetticompany.com\/fr\/\",\"logo\":{\"@type\":\"ImageObject\",\"inLanguage\":\"fr-FR\",\"@id\":\"https:\/\/www.simonetticompany.com\/fr\/#\/schema\/logo\/image\/\",\"url\":\"https:\/\/www.simonetticompany.com\/wp-content\/uploads\/2022\/11\/simonetti-company-logo.svg\",\"contentUrl\":\"https:\/\/www.simonetticompany.com\/wp-content\/uploads\/2022\/11\/simonetti-company-logo.svg\",\"width\":252,\"height\":65,\"caption\":\"Simonetti\"},\"image\":{\"@id\":\"https:\/\/www.simonetticompany.com\/fr\/#\/schema\/logo\/image\/\"}}]}<\/script>","yoast_head_json":{"title":"Durabilit\u00e9","robots":{"index":"index","follow":"follow","max-snippet":"max-snippet:-1","max-image-preview":"max-image-preview:large","max-video-preview":"max-video-preview:-1"},"canonical":"https:\/\/www.simonetticompany.com\/fr\/durabilite\/","og_locale":"fr_FR","og_type":"article","og_title":"Durabilit\u00e9","og_description":"Durabilit\u00e9 D\u00e8s le d\u00e9but, nous avons cru fermement \u00e0 l&rsquo;id\u00e9al de durabilit\u00e9. Si nous avons consacr\u00e9 notre activit\u00e9 au monde [&hellip;]","og_url":"https:\/\/www.simonetticompany.com\/fr\/durabilite\/","og_site_name":"Simonetti","article_modified_time":"2023-07-12T12:04:52+00:00","og_image":[{"width":1920,"height":900,"url":"https:\/\/www.simonetticompany.com\/wp-content\/uploads\/2022\/12\/greenhouse-slide-home-1.jpg","type":"image\/jpeg"}],"twitter_card":"summary_large_image","twitter_misc":{"Dur\u00e9e de lecture estim\u00e9e":"4 minutes"},"schema":{"@context":"https:\/\/schema.org","@graph":[{"@type":"WebPage","@id":"https:\/\/www.simonetticompany.com\/fr\/durabilite\/","url":"https:\/\/www.simonetticompany.com\/fr\/durabilite\/","name":"Durabilit\u00e9","isPartOf":{"@id":"https:\/\/www.simonetticompany.com\/fr\/#website"},"primaryImageOfPage":{"@id":"https:\/\/www.simonetticompany.com\/fr\/durabilite\/#primaryimage"},"image":{"@id":"https:\/\/www.simonetticompany.com\/fr\/durabilite\/#primaryimage"},"thumbnailUrl":"https:\/\/www.simonetticompany.com\/wp-content\/uploads\/2022\/12\/greenhouse-slide-home-1.jpg","datePublished":"2022-12-16T10:15:19+00:00","dateModified":"2023-07-12T12:04:52+00:00","inLanguage":"fr-FR","potentialAction":[{"@type":"ReadAction","target":["https:\/\/www.simonetticompany.com\/fr\/durabilite\/"]}]},{"@type":"ImageObject","inLanguage":"fr-FR","@id":"https:\/\/www.simonetticompany.com\/fr\/durabilite\/#primaryimage","url":"https:\/\/www.simonetticompany.com\/wp-content\/uploads\/2022\/12\/greenhouse-slide-home-1.jpg","contentUrl":"https:\/\/www.simonetticompany.com\/wp-content\/uploads\/2022\/12\/greenhouse-slide-home-1.jpg","width":1920,"height":900,"caption":"durabilit\u00e9-simonetti-adamo"},{"@type":"WebSite","@id":"https:\/\/www.simonetticompany.com\/fr\/#website","url":"https:\/\/www.simonetticompany.com\/fr\/","name":"Simonetti","description":"Plastic manufacturer for horticulture","publisher":{"@id":"https:\/\/www.simonetticompany.com\/fr\/#organization"},"potentialAction":[{"@type":"SearchAction","target":{"@type":"EntryPoint","urlTemplate":"https:\/\/www.simonetticompany.com\/fr\/?s={search_term_string}"},"query-input":{"@type":"PropertyValueSpecification","valueRequired":true,"valueName":"search_term_string"}}],"inLanguage":"fr-FR"},{"@type":"Organization","@id":"https:\/\/www.simonetticompany.com\/fr\/#organization","name":"Simonetti","url":"https:\/\/www.simonetticompany.com\/fr\/","logo":{"@type":"ImageObject","inLanguage":"fr-FR","@id":"https:\/\/www.simonetticompany.com\/fr\/#\/schema\/logo\/image\/","url":"https:\/\/www.simonetticompany.com\/wp-content\/uploads\/2022\/11\/simonetti-company-logo.svg","contentUrl":"https:\/\/www.simonetticompany.com\/wp-content\/uploads\/2022\/11\/simonetti-company-logo.svg","width":252,"height":65,"caption":"Simonetti"},"image":{"@id":"https:\/\/www.simonetticompany.com\/fr\/#\/schema\/logo\/image\/"}}]}},"_links":{"self":[{"href":"https:\/\/www.simonetticompany.com\/fr\/wp-json\/wp\/v2\/pages\/6083","targetHints":{"allow":["GET"]}}],"collection":[{"href":"https:\/\/www.simonetticompany.com\/fr\/wp-json\/wp\/v2\/pages"}],"about":[{"href":"https:\/\/www.simonetticompany.com\/fr\/wp-json\/wp\/v2\/types\/page"}],"author":[{"embeddable":true,"href":"https:\/\/www.simonetticompany.com\/fr\/wp-json\/wp\/v2\/users\/1"}],"replies":[{"embeddable":true,"href":"https:\/\/www.simonetticompany.com\/fr\/wp-json\/wp\/v2\/comments?post=6083"}],"version-history":[{"count":5,"href":"https:\/\/www.simonetticompany.com\/fr\/wp-json\/wp\/v2\/pages\/6083\/revisions"}],"predecessor-version":[{"id":7164,"href":"https:\/\/www.simonetticompany.com\/fr\/wp-json\/wp\/v2\/pages\/6083\/revisions\/7164"}],"wp:featuredmedia":[{"embeddable":true,"href":"https:\/\/www.simonetticompany.com\/fr\/wp-json\/wp\/v2\/media\/5045"}],"wp:attachment":[{"href":"https:\/\/www.simonetticompany.com\/fr\/wp-json\/wp\/v2\/media?parent=6083"}],"curies":[{"name":"wp","href":"https:\/\/api.w.org\/{rel}","templated":true}]}}