{"id":4107,"date":"2023-02-22T11:58:52","date_gmt":"2023-02-22T10:58:52","guid":{"rendered":"https:\/\/www.simonetticompany.com\/privacy-policy\/"},"modified":"2023-06-30T09:31:34","modified_gmt":"2023-06-30T07:31:34","slug":"informativa-privacy","status":"publish","type":"page","link":"https:\/\/www.simonetticompany.com\/it\/informativa-privacy\/","title":{"rendered":"Informativa Privacy"},"content":{"rendered":"\n<div class=\"wp-block-group is-style-container\">\n<div style=\"height:24px\" aria-hidden=\"true\" class=\"wp-block-spacer\"><\/div>\n\n\n\n<h1 class=\"wp-block-heading is-style-bigtitle has-palette-4-color has-text-color\">Informativa Privacy<\/h1>\n\n\n\n<div style=\"height:27px\" aria-hidden=\"true\" class=\"wp-block-spacer\"><\/div>\n\n\n\n<div style=\"height:28px\" aria-hidden=\"true\" class=\"wp-block-spacer d-none d-sm-block\"><\/div>\n\n\n\n<p><strong><em><mark style=\"background-color:rgba(0, 0, 0, 0)\" class=\"has-inline-color has-palette-4-color\">Ci teniamo a rispettare la privacy dei nostri visitatori. I dati forniti saranno trattati con cura e riservatezza.<\/mark><\/em><\/strong><\/p>\n\n\n\n<p><strong><em><mark style=\"background-color:rgba(0, 0, 0, 0)\" class=\"has-inline-color has-palette-4-color\">Scopri di pi\u00f9 nella nostra informativa ufficiale.<\/mark><\/em><\/strong><\/p>\n\n\n\n<div style=\"height:50px\" aria-hidden=\"true\" class=\"wp-block-spacer\"><\/div>\n\n\n\n<div style=\"height:50px\" aria-hidden=\"true\" class=\"wp-block-spacer d-none d-sm-block\"><\/div>\n\n\n\n<p class=\"has-palette-4-color has-text-color\"><strong>INTRODUZIONE<\/strong><\/p>\n\n\n\n<p>SIMONETTI ADAMO S.R.L., Registro delle Imprese di Treviso e C.F. 03234700262, P.IVA IT03234700262 e sede legale in Farra di Soligo (TV) &#8211; 31010 &#8211; Viale Europa, 55, in qualit\u00e0 di titolare del trattamento dei tuoi dati personali, rilascia la presente informativa nel rispetto della disciplina europea e italiana, con lo scopo di farti conoscere le finalit\u00e0 e le modalit\u00e0 del trattamento dei dati personali comunicati durante la navigazione nel presente sito web.<\/p>\n\n\n\n<div style=\"height:29px\" aria-hidden=\"true\" class=\"wp-block-spacer\"><\/div>\n\n\n\n<div style=\"height:29px\" aria-hidden=\"true\" class=\"wp-block-spacer d-none d-sm-block\"><\/div>\n\n\n\n<p class=\"has-palette-4-color has-text-color\"><strong>CATEGORIE DI DATI TRATTATI<\/strong><\/p>\n\n\n\n<p><strong><mark style=\"background-color:rgba(0, 0, 0, 0)\" class=\"has-inline-color has-palette-4-color\">Dati di navigazione<\/mark><\/strong><\/p>\n\n\n\n<p>I sistemi informatici e le procedure software preposte al funzionamento di questo sito web acquisiscono, nel corso del loro normale esercizio, alcuni dati personali la cui trasmissione \u00e8 implicita nell&#8217;uso dei protocolli di comunicazione di Internet. Si tratta di informazioni che non sono raccolte per essere associate ad interessati identificati, ma che per loro stessa natura potrebbero permettere di identificare gli utenti attraverso elaborazioni ed associazioni con dati detenuti da terzi. In questa categoria di dati rientrano, ad esempio, gli indirizzi IP o i nomi a dominio dei computer utilizzati dagli utenti che si connettono al sito, gli indirizzi in notazione URI (Uniform Resource Identifier) delle risorse richieste, l&#8217;orario della richiesta, il metodo utilizzato nel sottoporre la richiesta al server, la dimensione del file ottenuto in risposta, il codice numerico indicante lo stato della risposta data dal server (buon fine, errore, ecc.) e altri parametri relativi al sistema operativo e all&#8217;ambiente informatico dell&#8217;utente. Questi dati vengono utilizzati al solo fine di ricavare informazioni statistiche anonime sull&#8217;uso del sito e per controllarne il corretto funzionamento, venendo poi immediatamente cancellati dopo l&#8217;elaborazione. Per necessit\u00e0 legate al funzionamento e alla manutenzione, il sito e gli eventuali servizi terzi da esso utilizzati potrebbero raccogliere Log di sistema, ossia file che registrano le interazioni e che possono contenere dati personali, quali l\u2019indirizzo IP Utente.<\/p>\n\n\n\n<div style=\"height:22px\" aria-hidden=\"true\" class=\"wp-block-spacer\"><\/div>\n\n\n\n<p class=\"has-palette-4-color has-text-color\"><strong>Dati forniti volontariamente dall\u2019utente, natura del conferimento dei dati &amp; conseguenze in caso di rifiuto<\/strong><\/p>\n\n\n\n<p>L&#8217;invio di una comunicazione &#8211; facoltativa, esplicita e volontaria &#8211; agli indirizzi di posta elettronica indicati nel sito, comporta la successiva acquisizione del tuo indirizzo email, nonch\u00e9 degli ulteriori dati personali eventualmente riportati nella stessa comunicazione.<\/p>\n\n\n\n<p>Nel sito, inoltre, sono presenti dei form di compilazione richiedenti una serie di dati. Decidendo volontariamente di compilarli, sei a conoscenza che:<\/p>\n\n\n\n<ol class=\"wp-block-list\">\n<li>trattiamo i tuoi dati personali per rispondere alle richieste inoltrate (per esempio, per ottenere informazioni su propri prodotti o servizi, per ricevere brochures, cataloghi e\/o altri materiali informativi sull\u2019azienda, per ricevere un preventivo e\/o una campionatura);<\/li>\n\n\n\n<li>usiamo i tuoi dati di contatto (nome e cognome, ragione sociale, indirizzo postale, indirizzo email, numero fisso e\/o di cellulare) per effettuare occasionalmente (massimo 2-3 vole all\u2019anno) sondaggi di opinione e di gradimento o per trasmettere comunicazioni commerciali contenenti informazioni sui nostri prodotti o servizi, nonch\u00e9 promozioni o inviti a fiere e ad eventi ai quali presenziamo.<\/li>\n<\/ol>\n\n\n\n<p>A questi fini \u00e8 richiesto il tuo consenso. Nel dettaglio:<\/p>\n\n\n\n<ol class=\"wp-block-list\">\n<li>il conferimento dei dati per le finalit\u00e0 di cui al precedente punto 1 non necessiterebbe il consenso ai sensi della normativa europea e italiana, in quanto i tuoi dati di contatto verrebbero utilizzati per fornire una semplice risposta alla tua richiesta. L&#8217;eventuale rifiuto a fornirli, in tutto o in parte, comporterebbe infatti l&#8217;impossibilit\u00e0 di perseguire le finalit\u00e0 sopra indicate;<\/li>\n\n\n\n<li>tuttavia, sul nostro sito web \u00e8 necessariamente richiesto il tuo consenso nel caso in cui i dati di contatto siano utilizzati, oltre che per le finalit\u00e0 indicate al punto 1, anche per le finalit\u00e0 di cui al punto 2. In mancanza, non saremo in grado di eseguire le attivit\u00e0 corrispondenti, ma saremo comunque legittimati a perseguire le finalit\u00e0 di cui al punto 1.<\/li>\n<\/ol>\n\n\n\n<p>In ogni caso, il consenso prestato attraverso la compilazione dei moduli potr\u00e0 sempre essere modificato o revocato scrivendo un\u2019email al nostro indirizzo aziendale (<a href=\"mailto:info@simonettiplast.com\">info@simonettiplast.com<\/a>).<\/p>\n\n\n\n<div style=\"height:29px\" aria-hidden=\"true\" class=\"wp-block-spacer\"><\/div>\n\n\n\n<div style=\"height:29px\" aria-hidden=\"true\" class=\"wp-block-spacer d-none d-sm-block\"><\/div>\n\n\n\n<p class=\"has-palette-4-color has-text-color\"><strong>COOKIE<\/strong><\/p>\n\n\n\n<p>Si rimanda alla <a href=\"https:\/\/www.simonetticompany.com\/it\/informativa-cookie\/\" target=\"_blank\" rel=\"noreferrer noopener\">Informativa Cookie<\/a>.<\/p>\n\n\n\n<div style=\"height:29px\" aria-hidden=\"true\" class=\"wp-block-spacer\"><\/div>\n\n\n\n<div style=\"height:29px\" aria-hidden=\"true\" class=\"wp-block-spacer d-none d-sm-block\"><\/div>\n\n\n\n<p class=\"has-palette-4-color has-text-color\"><strong>FINALIT\u00c0 E BASE GIURIDICA DEL TRATTAMENTO, NATURA DEL CONFERIMENTO DEI DATI E CONSEGUENZE IN CASO DI RIFIUTO<\/strong><\/p>\n\n\n\n<p>Come anticipato nei precedenti paragrafi, tratteremo i tuoi dati per agevolare la navigazione del sito e per fornire eventuali servizi da te richiesti tramite la compilazione di form di contatto appositamente predisposti. A parte quanto specificato per i dati di navigazione e per i cookie tecnici, all&#8217;interno delle sezioni del sito preposte a particolari servizi a tua richiesta, sarai libero di fornire i tuoi dati personali, ma il loro mancato conferimento pu\u00f2 comportare l&#8217;impossibilit\u00e0 di ottenere il servizio richiesto.<\/p>\n\n\n\n<div style=\"height:29px\" aria-hidden=\"true\" class=\"wp-block-spacer\"><\/div>\n\n\n\n<div style=\"height:29px\" aria-hidden=\"true\" class=\"wp-block-spacer d-none d-sm-block\"><\/div>\n\n\n\n<p class=\"has-palette-4-color has-text-color\"><strong>PERIODO DI CONSERVAZIONE DEI DATI<\/strong><\/p>\n\n\n\n<p>Tratteremo i dati personali raccolti attraverso l&#8217;utilizzo del sito web per il tempo ritenuto strettamente necessario a conseguire gli scopi per cui sono stati raccolti. In particolare:<\/p>\n\n\n\n<ol class=\"wp-block-list\">\n<li>al fine di rispondere a richieste di informazioni, invio di preventivi, di campioni o qualsiasi tipo di materiale informativo aziendale, tutti i dati raccolti saranno conservati fino al termine del servizio e conseguentemente per un congruo periodo finalizzato ad eventuali verifiche sulla fornitura delle risposte o ad una qualsiasi richiesta di cancellazione;<\/li>\n\n\n\n<li>per finalit\u00e0 promozionali, i dati saranno trattati per ventiquattro mesi dal rilascio del consenso..<\/li>\n<\/ol>\n\n\n\n<p>Tuttavia, potrai revocare il consenso in qualsiasi momento scrivendo a <a href=\"mailto:info@simonettiplast.com\">info@simonettiplast.com<\/a>.<\/p>\n\n\n\n<div style=\"height:29px\" aria-hidden=\"true\" class=\"wp-block-spacer\"><\/div>\n\n\n\n<div style=\"height:29px\" aria-hidden=\"true\" class=\"wp-block-spacer d-none d-sm-block\"><\/div>\n\n\n\n<p class=\"has-palette-4-color has-text-color\"><strong>AMBITO DI COMUNICAZIONE DEI DATI E CATEGORIE DI DESTINATARI<\/strong><\/p>\n\n\n\n<p>Non divulgheremo i tuoi dati, ma intendiamo comunicarli a figure interne autorizzate al trattamento in ragione delle rispettive mansioni, nonch\u00e9 ad agenti di commercio, istituti di credito, societ\u00e0 di assicurazione del credito, agenzie di recupero crediti, agenzie di informazioni commerciali, di factoring e di consulenza; ad associazioni e\/o organizzazioni imprenditoriali, professionisti o societ\u00e0 di servizi, nonch\u00e9 Enti Pubblici e privati, anche a seguito di ispezioni e verifiche.<br>Tali destinatari, qualora dovessero trattare dati per conto nostro, saranno nominati responsabili del trattamento con apposito contratto od altro atto giuridico.<\/p>\n\n\n\n<div style=\"height:29px\" aria-hidden=\"true\" class=\"wp-block-spacer\"><\/div>\n\n\n\n<div style=\"height:29px\" aria-hidden=\"true\" class=\"wp-block-spacer d-none d-sm-block\"><\/div>\n\n\n\n<p class=\"has-palette-4-color has-text-color\"><strong>TRASFERIMENTO DEI DATI VERSO UN PAESE TERZO E\/O UN&#8217;ORGANIZZAZIONE INTERNAZIONALE<\/strong><\/p>\n\n\n\n<p>I dati personali non saranno oggetto di trasferimento n\u00e9 verso Paesi terzi extra europei, n\u00e9 verso organizzazioni internazionali.<\/p>\n\n\n\n<div style=\"height:29px\" aria-hidden=\"true\" class=\"wp-block-spacer\"><\/div>\n\n\n\n<div style=\"height:29px\" aria-hidden=\"true\" class=\"wp-block-spacer d-none d-sm-block\"><\/div>\n\n\n\n<p class=\"has-palette-4-color has-text-color\"><strong>DIRITTI DEGLI INTERESSATI<\/strong><\/p>\n\n\n\n<p>\u00c8 tuo diritto chiederci di accedere ai tuoi dati personali, rettificarli se inesatti, cancellarli o limitarne il trattamento se ne ricorrono i presupposti, opporti al loro trattamento per interessi legittimi da noi perseguiti, nonch\u00e9 ottenere la portabilit\u00e0 dei dati personalmente forniti solo se oggetto di un trattamento automatizzato basato sul consenso o sul contratto. Hai altres\u00ec il diritto di revocare il consenso prestato per le finalit\u00e0 di trattamento che lo richiedono, ferma restando la liceit\u00e0 del trattamento effettuato fino al momento della revoca. Per esercitare tali diritti pu\u00f2 utilizzare il modulo disponibile <a href=\"https:\/\/www.garanteprivacy.it\/web\/guest\/home\/docweb\/-\/docweb-display\/docweb\/1089924\">qui<\/a> e inoltrarcelo al seguente indirizzo: <a href=\"mailto:info@simonettiplast.com\">info@simonettiplast.com<\/a>. Ti ricordiamo infine che hai anche il diritto di proporre reclamo all&#8217;autorit\u00e0 di controllo competente in materia, il Garante per la protezione dei dati personali (<a href=\"https:\/\/www.garanteprivacy.it\/\" target=\"_blank\" rel=\"noreferrer noopener\">www.garanteprivacy.it<\/a>).<\/p>\n\n\n\n<div style=\"height:50px\" aria-hidden=\"true\" class=\"wp-block-spacer\"><\/div>\n\n\n\n<p>La presente informativa pu\u00f2 essere soggetta a modifiche. Si consiglia pertanto di verificare la data dell&#8217;ultima revisione. Eventuali modifiche avranno effetto dalla data di pubblicazione sul sito<\/p>\n\n\n\n<div style=\"height:112px\" aria-hidden=\"true\" class=\"wp-block-spacer\"><\/div>\n\n\n\n<p>Ultimo aggiornamento: 23 febbraio 2023<\/p>\n<\/div>\n","protected":false},"excerpt":{"rendered":"<p>Informativa Privacy Ci teniamo a rispettare la privacy dei nostri visitatori. I dati forniti saranno trattati con cura e riservatezza. [&hellip;]<\/p>\n","protected":false},"author":1,"featured_media":0,"parent":0,"menu_order":0,"comment_status":"closed","ping_status":"closed","template":"","meta":{"_acf_changed":false,"inline_featured_image":false,"footnotes":""},"class_list":["post-4107","page","type-page","status-publish","hentry"],"acf":[],"yoast_head":"<title>Informativa Privacy<\/title>\n<meta name=\"robots\" content=\"noindex, follow\" \/>\n<meta property=\"og:locale\" content=\"it_IT\" \/>\n<meta property=\"og:type\" content=\"article\" \/>\n<meta property=\"og:title\" content=\"Informativa Privacy\" \/>\n<meta property=\"og:description\" content=\"Informativa Privacy Ci teniamo a rispettare la privacy dei nostri visitatori. I dati forniti saranno trattati con cura e riservatezza. [&hellip;]\" \/>\n<meta property=\"og:url\" content=\"https:\/\/www.simonetticompany.com\/it\/informativa-privacy\/\" \/>\n<meta property=\"og:site_name\" content=\"Simonetti\" \/>\n<meta property=\"article:modified_time\" content=\"2023-06-30T07:31:34+00:00\" \/>\n<meta name=\"twitter:card\" content=\"summary_large_image\" \/>\n<meta name=\"twitter:label1\" content=\"Tempo di lettura stimato\" \/>\n\t<meta name=\"twitter:data1\" content=\"5 minuti\" \/>\n<script type=\"application\/ld+json\" class=\"yoast-schema-graph\">{\"@context\":\"https:\\\/\\\/schema.org\",\"@graph\":[{\"@type\":\"WebPage\",\"@id\":\"https:\\\/\\\/www.simonetticompany.com\\\/it\\\/informativa-privacy\\\/\",\"url\":\"https:\\\/\\\/www.simonetticompany.com\\\/it\\\/informativa-privacy\\\/\",\"name\":\"Informativa Privacy\",\"isPartOf\":{\"@id\":\"https:\\\/\\\/www.simonetticompany.com\\\/it\\\/#website\"},\"datePublished\":\"2023-02-22T10:58:52+00:00\",\"dateModified\":\"2023-06-30T07:31:34+00:00\",\"inLanguage\":\"it-IT\",\"potentialAction\":[{\"@type\":\"ReadAction\",\"target\":[\"https:\\\/\\\/www.simonetticompany.com\\\/it\\\/informativa-privacy\\\/\"]}]},{\"@type\":\"WebSite\",\"@id\":\"https:\\\/\\\/www.simonetticompany.com\\\/it\\\/#website\",\"url\":\"https:\\\/\\\/www.simonetticompany.com\\\/it\\\/\",\"name\":\"Simonetti\",\"description\":\"Plastic manufacturer for horticulture\",\"publisher\":{\"@id\":\"https:\\\/\\\/www.simonetticompany.com\\\/it\\\/#organization\"},\"potentialAction\":[{\"@type\":\"SearchAction\",\"target\":{\"@type\":\"EntryPoint\",\"urlTemplate\":\"https:\\\/\\\/www.simonetticompany.com\\\/it\\\/?s={search_term_string}\"},\"query-input\":{\"@type\":\"PropertyValueSpecification\",\"valueRequired\":true,\"valueName\":\"search_term_string\"}}],\"inLanguage\":\"it-IT\"},{\"@type\":\"Organization\",\"@id\":\"https:\\\/\\\/www.simonetticompany.com\\\/it\\\/#organization\",\"name\":\"Simonetti\",\"url\":\"https:\\\/\\\/www.simonetticompany.com\\\/it\\\/\",\"logo\":{\"@type\":\"ImageObject\",\"inLanguage\":\"it-IT\",\"@id\":\"https:\\\/\\\/www.simonetticompany.com\\\/it\\\/#\\\/schema\\\/logo\\\/image\\\/\",\"url\":\"https:\\\/\\\/www.simonetticompany.com\\\/wp-content\\\/uploads\\\/2022\\\/11\\\/simonetti-company-logo.svg\",\"contentUrl\":\"https:\\\/\\\/www.simonetticompany.com\\\/wp-content\\\/uploads\\\/2022\\\/11\\\/simonetti-company-logo.svg\",\"width\":252,\"height\":65,\"caption\":\"Simonetti\"},\"image\":{\"@id\":\"https:\\\/\\\/www.simonetticompany.com\\\/it\\\/#\\\/schema\\\/logo\\\/image\\\/\"}}]}<\/script>","yoast_head_json":{"title":"Informativa Privacy","robots":{"index":"noindex","follow":"follow"},"og_locale":"it_IT","og_type":"article","og_title":"Informativa Privacy","og_description":"Informativa Privacy Ci teniamo a rispettare la privacy dei nostri visitatori. I dati forniti saranno trattati con cura e riservatezza. [&hellip;]","og_url":"https:\/\/www.simonetticompany.com\/it\/informativa-privacy\/","og_site_name":"Simonetti","article_modified_time":"2023-06-30T07:31:34+00:00","twitter_card":"summary_large_image","twitter_misc":{"Tempo di lettura stimato":"5 minuti"},"schema":{"@context":"https:\/\/schema.org","@graph":[{"@type":"WebPage","@id":"https:\/\/www.simonetticompany.com\/it\/informativa-privacy\/","url":"https:\/\/www.simonetticompany.com\/it\/informativa-privacy\/","name":"Informativa Privacy","isPartOf":{"@id":"https:\/\/www.simonetticompany.com\/it\/#website"},"datePublished":"2023-02-22T10:58:52+00:00","dateModified":"2023-06-30T07:31:34+00:00","inLanguage":"it-IT","potentialAction":[{"@type":"ReadAction","target":["https:\/\/www.simonetticompany.com\/it\/informativa-privacy\/"]}]},{"@type":"WebSite","@id":"https:\/\/www.simonetticompany.com\/it\/#website","url":"https:\/\/www.simonetticompany.com\/it\/","name":"Simonetti","description":"Plastic manufacturer for horticulture","publisher":{"@id":"https:\/\/www.simonetticompany.com\/it\/#organization"},"potentialAction":[{"@type":"SearchAction","target":{"@type":"EntryPoint","urlTemplate":"https:\/\/www.simonetticompany.com\/it\/?s={search_term_string}"},"query-input":{"@type":"PropertyValueSpecification","valueRequired":true,"valueName":"search_term_string"}}],"inLanguage":"it-IT"},{"@type":"Organization","@id":"https:\/\/www.simonetticompany.com\/it\/#organization","name":"Simonetti","url":"https:\/\/www.simonetticompany.com\/it\/","logo":{"@type":"ImageObject","inLanguage":"it-IT","@id":"https:\/\/www.simonetticompany.com\/it\/#\/schema\/logo\/image\/","url":"https:\/\/www.simonetticompany.com\/wp-content\/uploads\/2022\/11\/simonetti-company-logo.svg","contentUrl":"https:\/\/www.simonetticompany.com\/wp-content\/uploads\/2022\/11\/simonetti-company-logo.svg","width":252,"height":65,"caption":"Simonetti"},"image":{"@id":"https:\/\/www.simonetticompany.com\/it\/#\/schema\/logo\/image\/"}}]}},"_links":{"self":[{"href":"https:\/\/www.simonetticompany.com\/it\/wp-json\/wp\/v2\/pages\/4107","targetHints":{"allow":["GET"]}}],"collection":[{"href":"https:\/\/www.simonetticompany.com\/it\/wp-json\/wp\/v2\/pages"}],"about":[{"href":"https:\/\/www.simonetticompany.com\/it\/wp-json\/wp\/v2\/types\/page"}],"author":[{"embeddable":true,"href":"https:\/\/www.simonetticompany.com\/it\/wp-json\/wp\/v2\/users\/1"}],"replies":[{"embeddable":true,"href":"https:\/\/www.simonetticompany.com\/it\/wp-json\/wp\/v2\/comments?post=4107"}],"version-history":[{"count":2,"href":"https:\/\/www.simonetticompany.com\/it\/wp-json\/wp\/v2\/pages\/4107\/revisions"}],"predecessor-version":[{"id":4297,"href":"https:\/\/www.simonetticompany.com\/it\/wp-json\/wp\/v2\/pages\/4107\/revisions\/4297"}],"wp:attachment":[{"href":"https:\/\/www.simonetticompany.com\/it\/wp-json\/wp\/v2\/media?parent=4107"}],"curies":[{"name":"wp","href":"https:\/\/api.w.org\/{rel}","templated":true}]}}