{"id":4108,"date":"2022-12-16T11:15:19","date_gmt":"2022-12-16T10:15:19","guid":{"rendered":"https:\/\/www.simonetticompany.com\/sustainability\/"},"modified":"2023-07-03T12:20:17","modified_gmt":"2023-07-03T10:20:17","slug":"sostenibilita","status":"publish","type":"page","link":"https:\/\/www.simonetticompany.com\/it\/sostenibilita\/","title":{"rendered":"Sostenibilit\u00e0"},"content":{"rendered":"\n<div class=\"wp-block-group is-style-container\">\n<div style=\"height:24px\" aria-hidden=\"true\" class=\"wp-block-spacer\"><\/div>\n\n\n\n<h1 class=\"wp-block-heading is-style-bigtitle has-palette-4-color has-text-color\">Sostenibilit\u00e0<\/h1>\n\n\n\n<div style=\"height:30px\" aria-hidden=\"true\" class=\"wp-block-spacer\"><\/div>\n\n\n\n<p class=\"has-large-font-size\"><strong><em><mark style=\"background-color:rgba(0, 0, 0, 0)\" class=\"has-inline-color has-palette-4-color\"><em>Fin dalle origini crediamo fortemente nel valore della sostenibilit\u00e0.<\/em><\/mark><\/em><\/strong><\/p>\n\n\n\n<div style=\"height:12px\" aria-hidden=\"true\" class=\"wp-block-spacer\"><\/div>\n\n\n\n<p>Se abbiamo dedicato la nostra attivit\u00e0 al mondo dell&#8217;orticoltura \u00e8 soprattutto grazie alla consapevolezza dell&#8217;<strong><mark style=\"background-color:rgba(0, 0, 0, 0)\" class=\"has-inline-color has-palette-4-color\">importanza delle serre come risposta responsabile alla crescita della domanda globale conseguente all&#8217;aumento della popolazione<\/mark><\/strong>. Coltivare in verticale, utilizzare insetti utili, recuperare l&#8217;acqua piovana e utilizzare fonti energetiche rinnovabili, senza sfruttare o ruotare il terreno, significa infatti ottenere pi\u00f9 ortaggi o pi\u00f9 frutta con un <strong><mark style=\"background-color:rgba(0, 0, 0, 0)\" class=\"has-inline-color has-palette-4-color\">minore impatto sull&#8217;ambiente<\/mark><\/strong>, grazie alla perfetta combinazione di tecnologia e sapienza orticola.<\/p>\n\n\n\n<p>Siamo orgogliosi di far parte di questo settore e ci teniamo a lavorare seguendo la sua stessa direzione. <strong><mark style=\"background-color:rgba(0, 0, 0, 0)\" class=\"has-inline-color has-palette-4-color\">Del resto, non pu\u00f2 esserci attenzione alla produttivit\u00e0 delle colture senza uno sguardo responsabile rivolto al presente e al futuro.<\/mark><\/strong><\/p>\n\n\n\n<div style=\"height:22px\" aria-hidden=\"true\" class=\"wp-block-spacer\"><\/div>\n<\/div>\n\n\n\n<div class=\"wp-block-cover alignfull\" style=\"min-height:500px;aspect-ratio:unset;\"><span aria-hidden=\"true\" class=\"wp-block-cover__background has-background-dim-0 has-background-dim\"><\/span><img loading=\"lazy\" decoding=\"async\" width=\"1920\" height=\"500\" class=\"wp-block-cover__image-background wp-image-724\" alt=\"\" src=\"https:\/\/www.simonetticompany.com\/wp-content\/uploads\/2022\/12\/greenhouse-slide-home-1-1920x500.jpg\" style=\"object-position:38% 35%\" data-object-fit=\"cover\" data-object-position=\"38% 35%\"\/><div class=\"wp-block-cover__inner-container\">\n<p class=\"has-text-align-center has-large-font-size\"><\/p>\n<\/div><\/div>\n\n\n\n<div style=\"height:50px\" aria-hidden=\"true\" class=\"wp-block-spacer\"><\/div>\n\n\n\n<div class=\"wp-block-group is-style-container\">\n<p class=\"is-style-pbigtitle has-palette-4-color has-text-color\">Sostenibilit\u00e0 per noi significa&#8230; prendersi cura della produttivit\u00e0 in modo responsabile!<\/p>\n\n\n\n<div style=\"height:77px\" aria-hidden=\"true\" class=\"wp-block-spacer\"><\/div>\n\n\n\n<div class=\"wp-block-columns\">\n<div class=\"wp-block-column\">\n<p class=\"has-palette-3-color has-text-color has-extra-large-font-size\">Produciamo risparmiando energia<\/p>\n\n\n\n<div style=\"height:22px\" aria-hidden=\"true\" class=\"wp-block-spacer\"><\/div>\n\n\n\n<p>La prima attenzione alla tematica della sostenibilit\u00e0 sviluppata come azienda, fin dalla sua nascita, \u00e8 correlata all\u2019efficientamento energetico e all\u2019utilizzo intelligente delle risorse.<\/p>\n\n\n\n<p>Dal 1958, infatti, ricerchiamo ed implementiamo costantemente le soluzioni tecnologiche pi\u00f9 all&#8217;avanguardia per garantire che tutto il processo produttivo si svolga nel modo pi\u00f9 efficiente possibile dal punto di vista energetico.<\/p>\n\n\n\n<p>Negli ultimi anni, a seguito della decisione di investire nella nuova sede aziendale, abbiamo puntato alla costruzione di un edificio totalmente coibentato, progettato per sfruttare al massimo il calore emesso dai macchinari durante lo stampaggio della plastica e per ridurre la necessit\u00e0 di riscaldamento negli ambienti di lavoro.<\/p>\n\n\n\n<p>Questo approccio consente una<strong><mark style=\"background-color:rgba(0, 0, 0, 0)\" class=\"has-inline-color has-palette-4-color\"> gestione responsabile dell\u2019energia<\/mark><\/strong> e una reale <strong><mark style=\"background-color:rgba(0, 0, 0, 0)\" class=\"has-inline-color has-palette-4-color\">riduzione dell&#8217;impronta di carbonio<\/mark><\/strong>.<\/p>\n<\/div>\n\n\n\n<div class=\"wp-block-column is-vertically-aligned-center\">\n<figure class=\"wp-block-image aligncenter size-product_preview_crop_small\"><img loading=\"lazy\" decoding=\"async\" width=\"600\" height=\"600\" src=\"https:\/\/www.simonetticompany.com\/wp-content\/uploads\/2022\/12\/Simonetti-171-600x600.jpg\" alt=\"\" class=\"wp-image-767\" srcset=\"https:\/\/www.simonetticompany.com\/wp-content\/uploads\/2022\/12\/Simonetti-171-600x600.jpg 600w, https:\/\/www.simonetticompany.com\/wp-content\/uploads\/2022\/12\/Simonetti-171-150x150.jpg 150w, https:\/\/www.simonetticompany.com\/wp-content\/uploads\/2022\/12\/Simonetti-171-900x900.jpg 900w\" sizes=\"auto, (max-width: 600px) 100vw, 600px\" \/><\/figure>\n<\/div>\n<\/div>\n\n\n\n<div style=\"height:50px\" aria-hidden=\"true\" class=\"wp-block-spacer\"><\/div>\n\n\n\n<div class=\"wp-block-columns ColumnOrderOnMobile\">\n<div class=\"wp-block-column is-vertically-aligned-center\">\n<figure class=\"wp-block-image aligncenter size-product_preview_crop_small\"><img loading=\"lazy\" decoding=\"async\" width=\"600\" height=\"600\" src=\"https:\/\/www.simonetticompany.com\/wp-content\/uploads\/2023\/03\/Simonetti-71-600x600.jpg\" alt=\"\" class=\"wp-image-1621\" srcset=\"https:\/\/www.simonetticompany.com\/wp-content\/uploads\/2023\/03\/Simonetti-71-600x600.jpg 600w, https:\/\/www.simonetticompany.com\/wp-content\/uploads\/2023\/03\/Simonetti-71-150x150.jpg 150w, https:\/\/www.simonetticompany.com\/wp-content\/uploads\/2023\/03\/Simonetti-71-768x768.jpg 768w, https:\/\/www.simonetticompany.com\/wp-content\/uploads\/2023\/03\/Simonetti-71-1536x1536.jpg 1536w, https:\/\/www.simonetticompany.com\/wp-content\/uploads\/2023\/03\/Simonetti-71-900x900.jpg 900w, https:\/\/www.simonetticompany.com\/wp-content\/uploads\/2023\/03\/Simonetti-71.jpg 1600w\" sizes=\"auto, (max-width: 600px) 100vw, 600px\" \/><\/figure>\n<\/div>\n\n\n\n<div class=\"wp-block-column\">\n<p class=\"has-palette-3-color has-text-color has-extra-large-font-size\">Sosteniamo l&#8217;economia circolare<\/p>\n\n\n\n<div style=\"height:22px\" aria-hidden=\"true\" class=\"wp-block-spacer\"><\/div>\n\n\n\n<p>Crediamo da sempre nell&#8217;<strong><mark style=\"background-color:rgba(0, 0, 0, 0)\" class=\"has-inline-color has-palette-4-color\">economia circolare della plastica<\/mark><\/strong>, nella quale ogni risorsa viene usata il pi\u00f9 a lungo possibile, estraendo il massimo valore dal suo utilizzo, per poi essere recuperata e rigenerata alla fine di ogni ciclo di vita. Questo, per noi, significa che:<\/p>\n\n\n\n<ul class=\"wp-block-list\">\n<li><strong><mark style=\"background-color:rgba(0, 0, 0, 0)\" class=\"has-inline-color has-palette-4-color\">molti dei nostri articoli<\/mark><\/strong> sono prodotti partendo <strong><mark style=\"background-color:rgba(0, 0, 0, 0)\" class=\"has-inline-color has-palette-4-color\">da polimeri ottenuti da plastica post-consumo o da scarti industriali<\/mark><\/strong>, senza per\u00f2 rinunciare alla qualit\u00e0 del prodotto finale. Nella nostra azienda, infatti, un articolo stampato con materia prima rigenerata \u00e8 comunque sinonimo di elevati standard qualitativi, simili a quelli ottenuti da una materia prima vergine. Questo deriva da un\u2019<strong><mark style=\"background-color:rgba(0, 0, 0, 0)\" class=\"has-inline-color has-palette-4-color\">accurata selezione dei fornitori<\/mark><\/strong> e da una continua ricerca del materiale migliore <strong><mark style=\"background-color:rgba(0, 0, 0, 0)\" class=\"has-inline-color has-palette-4-color\">per preservare le necessarie caratteristiche \u201ccost-effective\u201d dei supporti;<\/mark><\/strong><\/li>\n\n\n\n<li><strong><mark style=\"background-color:rgba(0, 0, 0, 0)\" class=\"has-inline-color has-palette-4-color\">i nostri scarti di produzione vengono immediatamente riciclati<\/mark><\/strong>, per poi essere nuovamente reimmessi nel processo produttivo;<\/li>\n\n\n\n<li><strong><mark style=\"background-color:rgba(0, 0, 0, 0)\" class=\"has-inline-color has-palette-4-color\">il 95% dei nostri prodotti pu\u00f2 essere riciclato.<\/mark><\/strong><mark style=\"background-color: rgba(0, 0, 0, 0);\" class=\"has-inline-color has-palette-4-color\"><b> <\/b><\/mark><\/li>\n<\/ul>\n<\/div>\n<\/div>\n\n\n\n<div style=\"height:50px\" aria-hidden=\"true\" class=\"wp-block-spacer\"><\/div>\n\n\n\n<div class=\"wp-block-columns\">\n<div class=\"wp-block-column is-vertically-aligned-top\">\n<p class=\"has-palette-3-color has-text-color has-extra-large-font-size\">Crediamo nella compostabilit\u00e0<\/p>\n\n\n\n<div style=\"height:22px\" aria-hidden=\"true\" class=\"wp-block-spacer\"><\/div>\n\n\n\n<p>Negli ultimi anni abbiamo avviato l&#8217;iter ufficiale di certificazione di alcuni <strong><mark style=\"background-color:rgba(0, 0, 0, 0)\" class=\"has-inline-color has-palette-4-color\">articoli compostabili, ovvero stampati con materiale bioplastico derivato da fonti rinnovabili<\/mark><\/strong>.<\/p>\n\n\n\n<p>Questa scelta \u00e8 legata alla volont\u00e0 di rendere lo <strong><mark style=\"background-color:rgba(0, 0, 0, 0)\" class=\"has-inline-color has-palette-4-color\">smaltimento delle clip pi\u00f9 sostenibile e \u201ccost-effective\u201d per i coltivatori<\/mark><\/strong>, in quanto, dopo ogni ciclo produttivo, le clip stesse possono essere smaltite in impianti di compostaggio industriale insieme alle piante, senza la necessit\u00e0 di separarle dalle stesse per finalit\u00e0 di riciclaggio.<\/p>\n\n\n\n<div style=\"height:22px\" aria-hidden=\"true\" class=\"wp-block-spacer\"><\/div>\n\n\n\n<div class=\"wp-block-buttons\">\n<div class=\"wp-block-button\"><a class=\"wp-block-button__link has-white-color has-palette-4-background-color has-text-color has-background wp-element-button\" href=\"https:\/\/www.simonetticompany.com\/it\/prodotto\/picker-tomato-clip-bio-d-23-mm-compostable\/\">Scopri di pi\u00f9<\/a><\/div>\n<\/div>\n<\/div>\n\n\n\n<div class=\"wp-block-column is-vertically-aligned-center\">\n<figure class=\"wp-block-image aligncenter size-product_preview_crop_small\"><img loading=\"lazy\" decoding=\"async\" width=\"600\" height=\"600\" src=\"https:\/\/www.simonetticompany.com\/wp-content\/uploads\/2023\/03\/4619-600x600.jpg\" alt=\"\" class=\"wp-image-1618\" srcset=\"https:\/\/www.simonetticompany.com\/wp-content\/uploads\/2023\/03\/4619-600x600.jpg 600w, https:\/\/www.simonetticompany.com\/wp-content\/uploads\/2023\/03\/4619-150x150.jpg 150w, https:\/\/www.simonetticompany.com\/wp-content\/uploads\/2023\/03\/4619-768x768.jpg 768w, https:\/\/www.simonetticompany.com\/wp-content\/uploads\/2023\/03\/4619-1536x1536.jpg 1536w, https:\/\/www.simonetticompany.com\/wp-content\/uploads\/2023\/03\/4619-900x900.jpg 900w, https:\/\/www.simonetticompany.com\/wp-content\/uploads\/2023\/03\/4619.jpg 1600w\" sizes=\"auto, (max-width: 600px) 100vw, 600px\" \/><\/figure>\n<\/div>\n<\/div>\n<\/div>\n\n\n    <div id=\"custom_cta-block_7d5e92e3d81656bedb9a99c78bd6b845\" class=\"custom_cta\">\r\n        <div class=\"CTA_Wrapper\">\r\n    <div class=\"container\">\r\n        <div class=\"CTA_Title is-style-pbigtitle has-palette-4-color\">Ci piacerebbe aiutarti<\/div>\r\n        <div class=\"CTA_Descr\"><p>Se desideri maggiori informazioni sulla nostra azienda e sul nostro assortimento prodotti, non esitare a contattarci. Saremo lieti di aiutarti!<\/p>\n<\/div>\r\n                    <div class=\"CTA_Descr\"><a href=\"https:\/\/www.simonetticompany.com\/it\/contatti\/\" class=\"wp-block-button__link has-white-color has-palette-4-background-color has-text-color has-background wp-element-button\">Contattaci<\/a><\/div>\r\n                <\/div>\r\n<\/div>    <\/div>\r\n    ","protected":false},"excerpt":{"rendered":"<p>Sostenibilit\u00e0 Fin dalle origini crediamo fortemente nel valore della sostenibilit\u00e0. Se abbiamo dedicato la nostra attivit\u00e0 al mondo dell&#8217;orticoltura \u00e8 [&hellip;]<\/p>\n","protected":false},"author":1,"featured_media":725,"parent":0,"menu_order":0,"comment_status":"closed","ping_status":"closed","template":"","meta":{"_acf_changed":false,"inline_featured_image":false,"footnotes":""},"class_list":["post-4108","page","type-page","status-publish","has-post-thumbnail","hentry"],"acf":[],"yoast_head":"<title>Sostenibilit\u00e0<\/title>\n<meta name=\"robots\" content=\"index, follow, max-snippet:-1, max-image-preview:large, max-video-preview:-1\" \/>\n<link rel=\"canonical\" href=\"https:\/\/www.simonetticompany.com\/it\/sostenibilita\/\" \/>\n<meta property=\"og:locale\" content=\"it_IT\" \/>\n<meta property=\"og:type\" content=\"article\" \/>\n<meta property=\"og:title\" content=\"Sostenibilit\u00e0\" \/>\n<meta property=\"og:description\" content=\"Sostenibilit\u00e0 Fin dalle origini crediamo fortemente nel valore della sostenibilit\u00e0. Se abbiamo dedicato la nostra attivit\u00e0 al mondo dell&#8217;orticoltura \u00e8 [&hellip;]\" \/>\n<meta property=\"og:url\" content=\"https:\/\/www.simonetticompany.com\/it\/sostenibilita\/\" \/>\n<meta property=\"og:site_name\" content=\"Simonetti\" \/>\n<meta property=\"article:modified_time\" content=\"2023-07-03T10:20:17+00:00\" \/>\n<meta property=\"og:image\" content=\"https:\/\/www.simonetticompany.com\/wp-content\/uploads\/2022\/12\/greenhouse-slide-home-1.jpg\" \/>\n\t<meta property=\"og:image:width\" content=\"1920\" \/>\n\t<meta property=\"og:image:height\" content=\"900\" \/>\n\t<meta property=\"og:image:type\" content=\"image\/jpeg\" \/>\n<meta name=\"twitter:card\" content=\"summary_large_image\" \/>\n<meta name=\"twitter:label1\" content=\"Tempo di lettura stimato\" \/>\n\t<meta name=\"twitter:data1\" content=\"3 minuti\" \/>\n<script type=\"application\/ld+json\" class=\"yoast-schema-graph\">{\"@context\":\"https:\\\/\\\/schema.org\",\"@graph\":[{\"@type\":\"WebPage\",\"@id\":\"https:\\\/\\\/www.simonetticompany.com\\\/it\\\/sostenibilita\\\/\",\"url\":\"https:\\\/\\\/www.simonetticompany.com\\\/it\\\/sostenibilita\\\/\",\"name\":\"Sostenibilit\u00e0\",\"isPartOf\":{\"@id\":\"https:\\\/\\\/www.simonetticompany.com\\\/it\\\/#website\"},\"primaryImageOfPage\":{\"@id\":\"https:\\\/\\\/www.simonetticompany.com\\\/it\\\/sostenibilita\\\/#primaryimage\"},\"image\":{\"@id\":\"https:\\\/\\\/www.simonetticompany.com\\\/it\\\/sostenibilita\\\/#primaryimage\"},\"thumbnailUrl\":\"https:\\\/\\\/www.simonetticompany.com\\\/wp-content\\\/uploads\\\/2022\\\/12\\\/greenhouse-slide-home-1.jpg\",\"datePublished\":\"2022-12-16T10:15:19+00:00\",\"dateModified\":\"2023-07-03T10:20:17+00:00\",\"inLanguage\":\"it-IT\",\"potentialAction\":[{\"@type\":\"ReadAction\",\"target\":[\"https:\\\/\\\/www.simonetticompany.com\\\/it\\\/sostenibilita\\\/\"]}]},{\"@type\":\"ImageObject\",\"inLanguage\":\"it-IT\",\"@id\":\"https:\\\/\\\/www.simonetticompany.com\\\/it\\\/sostenibilita\\\/#primaryimage\",\"url\":\"https:\\\/\\\/www.simonetticompany.com\\\/wp-content\\\/uploads\\\/2022\\\/12\\\/greenhouse-slide-home-1.jpg\",\"contentUrl\":\"https:\\\/\\\/www.simonetticompany.com\\\/wp-content\\\/uploads\\\/2022\\\/12\\\/greenhouse-slide-home-1.jpg\",\"width\":1920,\"height\":900,\"caption\":\"sostenibilit\u00e0-simonetti-adamo\"},{\"@type\":\"WebSite\",\"@id\":\"https:\\\/\\\/www.simonetticompany.com\\\/it\\\/#website\",\"url\":\"https:\\\/\\\/www.simonetticompany.com\\\/it\\\/\",\"name\":\"Simonetti\",\"description\":\"Plastic manufacturer for horticulture\",\"publisher\":{\"@id\":\"https:\\\/\\\/www.simonetticompany.com\\\/it\\\/#organization\"},\"potentialAction\":[{\"@type\":\"SearchAction\",\"target\":{\"@type\":\"EntryPoint\",\"urlTemplate\":\"https:\\\/\\\/www.simonetticompany.com\\\/it\\\/?s={search_term_string}\"},\"query-input\":{\"@type\":\"PropertyValueSpecification\",\"valueRequired\":true,\"valueName\":\"search_term_string\"}}],\"inLanguage\":\"it-IT\"},{\"@type\":\"Organization\",\"@id\":\"https:\\\/\\\/www.simonetticompany.com\\\/it\\\/#organization\",\"name\":\"Simonetti\",\"url\":\"https:\\\/\\\/www.simonetticompany.com\\\/it\\\/\",\"logo\":{\"@type\":\"ImageObject\",\"inLanguage\":\"it-IT\",\"@id\":\"https:\\\/\\\/www.simonetticompany.com\\\/it\\\/#\\\/schema\\\/logo\\\/image\\\/\",\"url\":\"https:\\\/\\\/www.simonetticompany.com\\\/wp-content\\\/uploads\\\/2022\\\/11\\\/simonetti-company-logo.svg\",\"contentUrl\":\"https:\\\/\\\/www.simonetticompany.com\\\/wp-content\\\/uploads\\\/2022\\\/11\\\/simonetti-company-logo.svg\",\"width\":252,\"height\":65,\"caption\":\"Simonetti\"},\"image\":{\"@id\":\"https:\\\/\\\/www.simonetticompany.com\\\/it\\\/#\\\/schema\\\/logo\\\/image\\\/\"}}]}<\/script>","yoast_head_json":{"title":"Sostenibilit\u00e0","robots":{"index":"index","follow":"follow","max-snippet":"max-snippet:-1","max-image-preview":"max-image-preview:large","max-video-preview":"max-video-preview:-1"},"canonical":"https:\/\/www.simonetticompany.com\/it\/sostenibilita\/","og_locale":"it_IT","og_type":"article","og_title":"Sostenibilit\u00e0","og_description":"Sostenibilit\u00e0 Fin dalle origini crediamo fortemente nel valore della sostenibilit\u00e0. Se abbiamo dedicato la nostra attivit\u00e0 al mondo dell&#8217;orticoltura \u00e8 [&hellip;]","og_url":"https:\/\/www.simonetticompany.com\/it\/sostenibilita\/","og_site_name":"Simonetti","article_modified_time":"2023-07-03T10:20:17+00:00","og_image":[{"width":1920,"height":900,"url":"https:\/\/www.simonetticompany.com\/wp-content\/uploads\/2022\/12\/greenhouse-slide-home-1.jpg","type":"image\/jpeg"}],"twitter_card":"summary_large_image","twitter_misc":{"Tempo di lettura stimato":"3 minuti"},"schema":{"@context":"https:\/\/schema.org","@graph":[{"@type":"WebPage","@id":"https:\/\/www.simonetticompany.com\/it\/sostenibilita\/","url":"https:\/\/www.simonetticompany.com\/it\/sostenibilita\/","name":"Sostenibilit\u00e0","isPartOf":{"@id":"https:\/\/www.simonetticompany.com\/it\/#website"},"primaryImageOfPage":{"@id":"https:\/\/www.simonetticompany.com\/it\/sostenibilita\/#primaryimage"},"image":{"@id":"https:\/\/www.simonetticompany.com\/it\/sostenibilita\/#primaryimage"},"thumbnailUrl":"https:\/\/www.simonetticompany.com\/wp-content\/uploads\/2022\/12\/greenhouse-slide-home-1.jpg","datePublished":"2022-12-16T10:15:19+00:00","dateModified":"2023-07-03T10:20:17+00:00","inLanguage":"it-IT","potentialAction":[{"@type":"ReadAction","target":["https:\/\/www.simonetticompany.com\/it\/sostenibilita\/"]}]},{"@type":"ImageObject","inLanguage":"it-IT","@id":"https:\/\/www.simonetticompany.com\/it\/sostenibilita\/#primaryimage","url":"https:\/\/www.simonetticompany.com\/wp-content\/uploads\/2022\/12\/greenhouse-slide-home-1.jpg","contentUrl":"https:\/\/www.simonetticompany.com\/wp-content\/uploads\/2022\/12\/greenhouse-slide-home-1.jpg","width":1920,"height":900,"caption":"sostenibilit\u00e0-simonetti-adamo"},{"@type":"WebSite","@id":"https:\/\/www.simonetticompany.com\/it\/#website","url":"https:\/\/www.simonetticompany.com\/it\/","name":"Simonetti","description":"Plastic manufacturer for horticulture","publisher":{"@id":"https:\/\/www.simonetticompany.com\/it\/#organization"},"potentialAction":[{"@type":"SearchAction","target":{"@type":"EntryPoint","urlTemplate":"https:\/\/www.simonetticompany.com\/it\/?s={search_term_string}"},"query-input":{"@type":"PropertyValueSpecification","valueRequired":true,"valueName":"search_term_string"}}],"inLanguage":"it-IT"},{"@type":"Organization","@id":"https:\/\/www.simonetticompany.com\/it\/#organization","name":"Simonetti","url":"https:\/\/www.simonetticompany.com\/it\/","logo":{"@type":"ImageObject","inLanguage":"it-IT","@id":"https:\/\/www.simonetticompany.com\/it\/#\/schema\/logo\/image\/","url":"https:\/\/www.simonetticompany.com\/wp-content\/uploads\/2022\/11\/simonetti-company-logo.svg","contentUrl":"https:\/\/www.simonetticompany.com\/wp-content\/uploads\/2022\/11\/simonetti-company-logo.svg","width":252,"height":65,"caption":"Simonetti"},"image":{"@id":"https:\/\/www.simonetticompany.com\/it\/#\/schema\/logo\/image\/"}}]}},"_links":{"self":[{"href":"https:\/\/www.simonetticompany.com\/it\/wp-json\/wp\/v2\/pages\/4108","targetHints":{"allow":["GET"]}}],"collection":[{"href":"https:\/\/www.simonetticompany.com\/it\/wp-json\/wp\/v2\/pages"}],"about":[{"href":"https:\/\/www.simonetticompany.com\/it\/wp-json\/wp\/v2\/types\/page"}],"author":[{"embeddable":true,"href":"https:\/\/www.simonetticompany.com\/it\/wp-json\/wp\/v2\/users\/1"}],"replies":[{"embeddable":true,"href":"https:\/\/www.simonetticompany.com\/it\/wp-json\/wp\/v2\/comments?post=4108"}],"version-history":[{"count":12,"href":"https:\/\/www.simonetticompany.com\/it\/wp-json\/wp\/v2\/pages\/4108\/revisions"}],"predecessor-version":[{"id":4949,"href":"https:\/\/www.simonetticompany.com\/it\/wp-json\/wp\/v2\/pages\/4108\/revisions\/4949"}],"wp:featuredmedia":[{"embeddable":true,"href":"https:\/\/www.simonetticompany.com\/it\/wp-json\/wp\/v2\/media\/725"}],"wp:attachment":[{"href":"https:\/\/www.simonetticompany.com\/it\/wp-json\/wp\/v2\/media?parent=4108"}],"curies":[{"name":"wp","href":"https:\/\/api.w.org\/{rel}","templated":true}]}}